{"id":725,"date":"2025-03-15T10:11:41","date_gmt":"2025-03-15T09:11:41","guid":{"rendered":"https:\/\/epidemicstudio.com\/pl\/?page_id=725"},"modified":"2026-04-12T20:29:59","modified_gmt":"2026-04-12T18:29:59","slug":"produkcja-podcastow-audio-wideo","status":"publish","type":"page","link":"http:\/\/epidemicstudio.com\/pl\/produkcja-podcastow-audio-wideo\/","title":{"rendered":"Edycja i Produkcja Podcast\u00f3w | Nagranie i Monta\u017c Podcastu"},"content":{"rendered":"\t\t<div data-elementor-type=\"wp-page\" data-elementor-id=\"725\" class=\"elementor elementor-725\">\n\t\t\t\t<div class=\"elementor-element elementor-element-c36f11e e-flex e-con-boxed e-con e-parent\" data-id=\"c36f11e\" data-element_type=\"container\" data-e-type=\"container\" data-settings=\"{&quot;background_background&quot;:&quot;gradient&quot;}\">\n\t\t\t\t\t<div class=\"e-con-inner\">\n\t\t\t\t\t<\/div>\n\t\t\t\t<\/div>\n\t\t<div class=\"elementor-element elementor-element-876c5d2 e-grid e-con-boxed e-con e-parent\" data-id=\"876c5d2\" data-element_type=\"container\" data-e-type=\"container\">\n\t\t\t\t\t<div class=\"e-con-inner\">\n\t\t\t\t<div class=\"elementor-element elementor-element-5bcb926 elementor-widget elementor-widget-image\" data-id=\"5bcb926\" data-element_type=\"widget\" data-e-type=\"widget\" data-widget_type=\"image.default\">\n\t\t\t\t<div class=\"elementor-widget-container\">\n\t\t\t\t\t\t\t\t\t\t\t\t\t\t\t<img fetchpriority=\"high\" decoding=\"async\" width=\"1920\" height=\"1920\" src=\"https:\/\/epidemicstudio.com\/pl\/wp-content\/uploads\/sites\/6\/2025\/03\/edycja-podcastu-wideo-2.jpg\" class=\"attachment-full size-full wp-image-715\" alt=\"edycja podcastu audio i wideo nagranie podcastu\" srcset=\"https:\/\/epidemicstudio.com\/pl\/wp-content\/uploads\/sites\/6\/2025\/03\/edycja-podcastu-wideo-2.jpg 1920w, https:\/\/epidemicstudio.com\/pl\/wp-content\/uploads\/sites\/6\/2025\/03\/edycja-podcastu-wideo-2-300x300.jpg 300w, https:\/\/epidemicstudio.com\/pl\/wp-content\/uploads\/sites\/6\/2025\/03\/edycja-podcastu-wideo-2-1024x1024.jpg 1024w, https:\/\/epidemicstudio.com\/pl\/wp-content\/uploads\/sites\/6\/2025\/03\/edycja-podcastu-wideo-2-150x150.jpg 150w, https:\/\/epidemicstudio.com\/pl\/wp-content\/uploads\/sites\/6\/2025\/03\/edycja-podcastu-wideo-2-768x768.jpg 768w, https:\/\/epidemicstudio.com\/pl\/wp-content\/uploads\/sites\/6\/2025\/03\/edycja-podcastu-wideo-2-1536x1536.jpg 1536w, https:\/\/epidemicstudio.com\/pl\/wp-content\/uploads\/sites\/6\/2025\/03\/edycja-podcastu-wideo-2-600x600.jpg 600w, https:\/\/epidemicstudio.com\/pl\/wp-content\/uploads\/sites\/6\/2025\/03\/edycja-podcastu-wideo-2-100x100.jpg 100w\" sizes=\"(max-width: 1920px) 100vw, 1920px\" \/>\t\t\t\t\t\t\t\t\t\t\t\t\t\t\t<\/div>\n\t\t\t\t<\/div>\n\t\t<div class=\"elementor-element elementor-element-fdd80e6 e-con-full e-flex e-con e-child\" data-id=\"fdd80e6\" data-element_type=\"container\" data-e-type=\"container\">\n\t\t\t\t<div class=\"elementor-element elementor-element-33a7b5c elementor-widget elementor-widget-heading\" data-id=\"33a7b5c\" data-element_type=\"widget\" data-e-type=\"widget\" data-widget_type=\"heading.default\">\n\t\t\t\t<div class=\"elementor-widget-container\">\n\t\t\t\t\t<h2 class=\"elementor-heading-title elementor-size-default\">Profesjonalna Edycja Podcast\u00f3w Audio i Wideo<\/h2>\t\t\t\t<\/div>\n\t\t\t\t<\/div>\n\t\t\t\t<div class=\"elementor-element elementor-element-d5b3c0b elementor-widget elementor-widget-text-editor\" data-id=\"d5b3c0b\" data-element_type=\"widget\" data-e-type=\"widget\" data-widget_type=\"text-editor.default\">\n\t\t\t\t<div class=\"elementor-widget-container\">\n\t\t\t\t\t\t\t\t\t<p data-start=\"337\" data-end=\"469\">Oferujemy kompleksow\u0105 obs\u0142ug\u0119 podcast\u00f3w \u2014 od nagrania a\u017c po gotowy materia\u0142 do publikacji. Mo\u017cesz zleci\u0107 nam ca\u0142o\u015b\u0107 lub sam\u0105 edycj\u0119.<\/p><p data-start=\"471\" data-end=\"504\">Dzia\u0142amy na terenie ca\u0142ej Polski.<\/p>\t\t\t\t\t\t\t\t<\/div>\n\t\t\t\t<\/div>\n\t\t\t\t<div class=\"elementor-element elementor-element-d54e29a elementor-widget elementor-widget-text-editor\" data-id=\"d54e29a\" data-element_type=\"widget\" data-e-type=\"widget\" data-widget_type=\"text-editor.default\">\n\t\t\t\t<div class=\"elementor-widget-container\">\n\t\t\t\t\t\t\t\t\t<h2 data-section-id=\"6btjzg\" data-start=\"511\" data-end=\"571\">Nagranie podcastu u Ciebie lub w wybranej lokalizacji<\/h2><p data-start=\"573\" data-end=\"631\">Nie musisz inwestowa\u0107 w sprz\u0119t ani martwi\u0107 si\u0119 o technik\u0119.<\/p><p data-start=\"633\" data-end=\"697\">Przyje\u017cd\u017camy na miejsce i zajmujemy si\u0119 ca\u0142ym procesem nagrania:<\/p><ul data-start=\"698\" data-end=\"864\"><li data-section-id=\"g3pqa7\" data-start=\"698\" data-end=\"732\">ustawienie kamer i o\u015bwietlenia<\/li><li data-section-id=\"18bsfpk\" data-start=\"733\" data-end=\"778\">nagranie audio i wideo w wysokiej jako\u015bci<\/li><li data-section-id=\"1xwu44h\" data-start=\"779\" data-end=\"818\">obs\u0142uga techniczna podczas nagrania<\/li><li data-section-id=\"pjxfac\" data-start=\"819\" data-end=\"864\">mo\u017cliwo\u015b\u0107 nagra\u0144 jedno- i wielokamerowych<\/li><\/ul><p data-start=\"866\" data-end=\"919\">Ty skupiasz si\u0119 tylko na rozmowie \u2014 my robimy reszt\u0119.<\/p>\t\t\t\t\t\t\t\t<\/div>\n\t\t\t\t<\/div>\n\t\t\t\t<\/div>\n\t\t\t\t\t<\/div>\n\t\t\t\t<\/div>\n\t\t<div class=\"elementor-element elementor-element-bda1195 e-flex e-con-boxed e-con e-parent\" data-id=\"bda1195\" data-element_type=\"container\" data-e-type=\"container\">\n\t\t\t\t\t<div class=\"e-con-inner\">\n\t\t\t\t<div class=\"elementor-element elementor-element-2d8ea9e elementor-widget elementor-widget-text-editor\" data-id=\"2d8ea9e\" data-element_type=\"widget\" data-e-type=\"widget\" data-widget_type=\"text-editor.default\">\n\t\t\t\t<div class=\"elementor-widget-container\">\n\t\t\t\t\t\t\t\t\t<h2 data-section-id=\"1mtsvdp\" data-start=\"926\" data-end=\"963\">Monta\u017c podcastu (audio i wideo)<\/h2><p data-start=\"965\" data-end=\"1034\">Je\u015bli masz ju\u017c nagrany materia\u0142, mo\u017cemy zaj\u0105\u0107 si\u0119 sam\u0105 postprodukcj\u0105.<\/p>\t\t\t\t\t\t\t\t<\/div>\n\t\t\t\t<\/div>\n\t\t\t\t\t<\/div>\n\t\t\t\t<\/div>\n\t\t<div class=\"elementor-element elementor-element-e9b30f0 e-flex e-con-boxed e-con e-parent\" data-id=\"e9b30f0\" data-element_type=\"container\" data-e-type=\"container\">\n\t\t\t\t\t<div class=\"e-con-inner\">\n\t\t<div class=\"elementor-element elementor-element-03eb74c e-con-full e-flex e-con e-child\" data-id=\"03eb74c\" data-element_type=\"container\" data-e-type=\"container\">\n\t\t\t\t<div class=\"elementor-element elementor-element-38699a7 elementor-widget elementor-widget-text-editor\" data-id=\"38699a7\" data-element_type=\"widget\" data-e-type=\"widget\" data-widget_type=\"text-editor.default\">\n\t\t\t\t<div class=\"elementor-widget-container\">\n\t\t\t\t\t\t\t\t\t<h2 data-section-id=\"z3c57e\" data-start=\"1036\" data-end=\"1053\">Edycja audio:<\/h2><ul data-start=\"1054\" data-end=\"1211\"><li data-section-id=\"q5zw34\" data-start=\"1054\" data-end=\"1084\">usuwanie szum\u00f3w i zak\u0142\u00f3ce\u0144<\/li><li data-section-id=\"sdcqh6\" data-start=\"1085\" data-end=\"1121\">eliminacja \u201eyyy\u201d, \u201eemm\u201d i przerw<\/li><li data-section-id=\"1ljic8m\" data-start=\"1122\" data-end=\"1155\">wyr\u00f3wnanie poziom\u00f3w g\u0142o\u015bno\u015bci<\/li><li data-section-id=\"reuuim\" data-start=\"1156\" data-end=\"1211\">mixing i mastering pod Spotify, Apple Podcasts itp.<\/li><\/ul>\t\t\t\t\t\t\t\t<\/div>\n\t\t\t\t<\/div>\n\t\t\t\t<div class=\"elementor-element elementor-element-9fd52fd elementor-widget elementor-widget-text-editor\" data-id=\"9fd52fd\" data-element_type=\"widget\" data-e-type=\"widget\" data-widget_type=\"text-editor.default\">\n\t\t\t\t<div class=\"elementor-widget-container\">\n\t\t\t\t\t\t\t\t\t<h2 data-section-id=\"nwydcs\" data-start=\"1213\" data-end=\"1230\">Edycja wideo:<\/h2><ul data-start=\"1231\" data-end=\"1358\"><li data-section-id=\"1vrwqg1\" data-start=\"1231\" data-end=\"1263\">synchronizacja audio i wideo<\/li><li data-section-id=\"11o8v9n\" data-start=\"1264\" data-end=\"1283\">monta\u017c multicam<\/li><li data-section-id=\"1inlirt\" data-start=\"1284\" data-end=\"1304\">korekcja kolor\u00f3w<\/li><li data-section-id=\"184ci9q\" data-start=\"1305\" data-end=\"1327\">intro, outro, logo<\/li><li data-section-id=\"yg44rz\" data-start=\"1328\" data-end=\"1358\">dynamiczne ci\u0119cia i pacing<\/li><\/ul>\t\t\t\t\t\t\t\t<\/div>\n\t\t\t\t<\/div>\n\t\t\t\t<div class=\"elementor-element elementor-element-73a8bfc elementor-widget elementor-widget-text-editor\" data-id=\"73a8bfc\" data-element_type=\"widget\" data-e-type=\"widget\" data-widget_type=\"text-editor.default\">\n\t\t\t\t<div class=\"elementor-widget-container\">\n\t\t\t\t\t\t\t\t\t<h2 data-section-id=\"whdu7j\" data-start=\"1365\" data-end=\"1385\">Dodatkowe opcje<\/h2><ul data-start=\"1387\" data-end=\"1536\"><li data-section-id=\"1dmo0tc\" data-start=\"1387\" data-end=\"1418\">licencjonowana muzyka w tle<\/li><li data-section-id=\"1tmt24h\" data-start=\"1419\" data-end=\"1468\">napisy \/ subtitles (r\u00f3wnie\u017c pod social media)<\/li><li data-section-id=\"pvkq9c\" data-start=\"1469\" data-end=\"1498\">shorty \/ reels z podcastu<\/li><li data-section-id=\"wfzdzv\" data-start=\"1499\" data-end=\"1536\">osobna wersja audio do publikacji<\/li><\/ul>\t\t\t\t\t\t\t\t<\/div>\n\t\t\t\t<\/div>\n\t\t\t\t<\/div>\n\t\t<div class=\"elementor-element elementor-element-8c3fbbc e-con-full e-flex e-con e-child\" data-id=\"8c3fbbc\" data-element_type=\"container\" data-e-type=\"container\">\n\t\t\t\t<div class=\"elementor-element elementor-element-a31e466 elementor-widget elementor-widget-video\" data-id=\"a31e466\" data-element_type=\"widget\" data-e-type=\"widget\" data-settings=\"{&quot;youtube_url&quot;:&quot;https:\\\/\\\/youtu.be\\\/MIfzRT2bNeU?si=3rRg5Z2TDQOGk7HC&quot;,&quot;start&quot;:19,&quot;autoplay&quot;:&quot;yes&quot;,&quot;play_on_mobile&quot;:&quot;yes&quot;,&quot;mute&quot;:&quot;yes&quot;,&quot;loop&quot;:&quot;yes&quot;,&quot;video_type&quot;:&quot;youtube&quot;,&quot;controls&quot;:&quot;yes&quot;}\" data-widget_type=\"video.default\">\n\t\t\t\t<div class=\"elementor-widget-container\">\n\t\t\t\t\t\t\t<div class=\"elementor-wrapper elementor-open-inline\">\n\t\t\t<div class=\"elementor-video\"><\/div>\t\t<\/div>\n\t\t\t\t\t\t<\/div>\n\t\t\t\t<\/div>\n\t\t\t\t<\/div>\n\t\t\t\t\t<\/div>\n\t\t\t\t<\/div>\n\t\t<div class=\"elementor-element elementor-element-87cde3c e-grid e-con-boxed e-con e-parent\" data-id=\"87cde3c\" data-element_type=\"container\" data-e-type=\"container\">\n\t\t\t\t\t<div class=\"e-con-inner\">\n\t\t\t\t\t<\/div>\n\t\t\t\t<\/div>\n\t\t<div class=\"elementor-element elementor-element-54d3281 e-grid e-con-boxed e-con e-parent\" data-id=\"54d3281\" data-element_type=\"container\" data-e-type=\"container\">\n\t\t\t\t\t<div class=\"e-con-inner\">\n\t\t\t\t<div class=\"elementor-element elementor-element-479c3e5 elementor-widget elementor-widget-text-editor\" data-id=\"479c3e5\" data-element_type=\"widget\" data-e-type=\"widget\" data-widget_type=\"text-editor.default\">\n\t\t\t\t<div class=\"elementor-widget-container\">\n\t\t\t\t\t\t\t\t\t<h2 data-section-id=\"18sjx1w\" data-start=\"1543\" data-end=\"1570\">Gotowe pod publikacj\u0119<\/h2><p data-start=\"1572\" data-end=\"1601\">Przygotowujemy materia\u0142y pod:<\/p><ul data-start=\"1602\" data-end=\"1701\"><li data-section-id=\"1jw7alp\" data-start=\"1602\" data-end=\"1613\">YouTube<\/li><li data-section-id=\"f4zq88\" data-start=\"1614\" data-end=\"1641\">Spotify (wideo i audio)<\/li><li data-section-id=\"1d1gaq5\" data-start=\"1642\" data-end=\"1660\">Apple Podcasts<\/li><li data-section-id=\"1oycf4s\" data-start=\"1661\" data-end=\"1701\">Social media (Reels, Shorts, TikTok)<\/li><\/ul>\t\t\t\t\t\t\t\t<\/div>\n\t\t\t\t<\/div>\n\t\t\t\t<div class=\"elementor-element elementor-element-619eec9 elementor-widget elementor-widget-text-editor\" data-id=\"619eec9\" data-element_type=\"widget\" data-e-type=\"widget\" data-widget_type=\"text-editor.default\">\n\t\t\t\t<div class=\"elementor-widget-container\">\n\t\t\t\t\t\t\t\t\t<h2 data-section-id=\"f7eodh\" data-start=\"1708\" data-end=\"1728\">Jak pracujemy?<\/h2><ol data-start=\"1730\" data-end=\"1915\"><li data-section-id=\"11m46fz\" data-start=\"1730\" data-end=\"1779\">Ustalamy zakres (nagranie \/ edycja \/ ca\u0142o\u015b\u0107)<\/li><li data-section-id=\"1f9c1c9\" data-start=\"1780\" data-end=\"1831\">Realizujemy nagranie lub otrzymujemy materia\u0142y<\/li><li data-section-id=\"1pn72s7\" data-start=\"1832\" data-end=\"1878\">Montujemy i przygotowujemy finalne wersje<\/li><li data-section-id=\"14l641e\" data-start=\"1879\" data-end=\"1915\">Wprowadzasz ewentualne poprawki<\/li><\/ol>\t\t\t\t\t\t\t\t<\/div>\n\t\t\t\t<\/div>\n\t\t\t\t\t<\/div>\n\t\t\t\t<\/div>\n\t\t<div class=\"elementor-element elementor-element-0a58e13 e-flex e-con-boxed e-con e-parent\" data-id=\"0a58e13\" data-element_type=\"container\" data-e-type=\"container\">\n\t\t\t\t\t<div class=\"e-con-inner\">\n\t\t\t\t<div class=\"elementor-element elementor-element-42a61e5 premium-lq__none elementor-widget elementor-widget-premium-addon-button\" data-id=\"42a61e5\" data-element_type=\"widget\" data-e-type=\"widget\" data-widget_type=\"premium-addon-button.default\">\n\t\t\t\t<div class=\"elementor-widget-container\">\n\t\t\t\t\t\n\n\t\t<a class=\"premium-button premium-button-none premium-btn-lg premium-button-none\" href=\"https:\/\/epidemicstudio.com\/pl\/kontakt\/\">\n\t\t\t<div class=\"premium-button-text-icon-wrapper\">\n\t\t\t\t\n\t\t\t\t\t\t\t\t\t<span >\n\t\t\t\t\t\tKontakt\t\t\t\t\t<\/span>\n\t\t\t\t\t\t\t<\/div>\n\n\t\t\t\n\t\t\t\n\t\t\t\n\t\t<\/a>\n\n\n\t\t\t\t\t\t<\/div>\n\t\t\t\t<\/div>\n\t\t\t\t\t<\/div>\n\t\t\t\t<\/div>\n\t\t<div class=\"elementor-element elementor-element-86bcc69 e-flex e-con-boxed e-con e-parent\" data-id=\"86bcc69\" data-element_type=\"container\" data-e-type=\"container\">\n\t\t\t\t\t<div class=\"e-con-inner\">\n\t\t\t\t\t<\/div>\n\t\t\t\t<\/div>\n\t\t\t\t<\/div>\n\t\t","protected":false},"excerpt":{"rendered":"<p>Profesjonalna Edycja Podcast\u00f3w Audio i Wideo Oferujemy kompleksow\u0105 obs\u0142ug\u0119 podcast\u00f3w \u2014 od nagrania a\u017c po gotowy materia\u0142 do publikacji. Mo\u017cesz zleci\u0107 nam ca\u0142o\u015b\u0107 lub sam\u0105 edycj\u0119. Dzia\u0142amy na terenie ca\u0142ej Polski. Nagranie podcastu u Ciebie lub w wybranej lokalizacji Nie musisz inwestowa\u0107 w sprz\u0119t ani martwi\u0107 si\u0119 o technik\u0119. Przyje\u017cd\u017camy na miejsce i zajmujemy si\u0119 [&hellip;]<\/p>\n","protected":false},"author":1,"featured_media":0,"parent":0,"menu_order":0,"comment_status":"closed","ping_status":"closed","template":"","meta":{"footnotes":""},"class_list":["post-725","page","type-page","status-publish","hentry"],"yoast_head":"<!-- This site is optimized with the Yoast SEO plugin v27.4 - https:\/\/yoast.com\/product\/yoast-seo-wordpress\/ -->\n<title>Edycja i Produkcja Podcast\u00f3w | Nagranie i Monta\u017c Podcastu profesjonalna postprodukcja - Epidemic Studio: Edycja i monta\u017c wideo<\/title>\n<meta name=\"description\" content=\"Profesjonalna edycja wideo \u015blubnego i weselnego. Tworzymy filmy, kt\u00f3re uchwyc\u0105 najpi\u0119kniejsze momenty Twojego \u015blubu. Skontaktuj si\u0119 z nami!\" \/>\n<meta name=\"robots\" content=\"index, follow, max-snippet:-1, max-image-preview:large, max-video-preview:-1\" \/>\n<link rel=\"canonical\" href=\"https:\/\/epidemicstudio.com\/pl\/produkcja-podcastow-audio-wideo\/\" \/>\n<meta property=\"og:locale\" content=\"pl_PL\" \/>\n<meta property=\"og:type\" content=\"article\" \/>\n<meta property=\"og:title\" content=\"Edycja i Produkcja Podcast\u00f3w | Nagranie i Monta\u017c Podcastu profesjonalna postprodukcja - Epidemic Studio: Edycja i monta\u017c wideo\" \/>\n<meta property=\"og:description\" content=\"Profesjonalna edycja wideo \u015blubnego i weselnego. Tworzymy filmy, kt\u00f3re uchwyc\u0105 najpi\u0119kniejsze momenty Twojego \u015blubu. Skontaktuj si\u0119 z nami!\" \/>\n<meta property=\"og:url\" content=\"https:\/\/epidemicstudio.com\/pl\/produkcja-podcastow-audio-wideo\/\" \/>\n<meta property=\"og:site_name\" content=\"Epidemic Studio: Edycja i monta\u017c wideo\" \/>\n<meta property=\"article:modified_time\" content=\"2026-04-12T18:29:59+00:00\" \/>\n<meta property=\"og:image\" content=\"http:\/\/epidemicstudio.com\/pl\/wp-content\/uploads\/sites\/6\/2025\/03\/edycja-podcastu-wideo-2.jpg\" \/>\n<meta name=\"twitter:card\" content=\"summary_large_image\" \/>\n<meta name=\"twitter:label1\" content=\"Szacowany czas czytania\" \/>\n\t<meta name=\"twitter:data1\" content=\"2 minuty\" \/>\n<script type=\"application\/ld+json\" class=\"yoast-schema-graph\">{\"@context\":\"https:\\\/\\\/schema.org\",\"@graph\":[{\"@type\":\"WebPage\",\"@id\":\"https:\\\/\\\/epidemicstudio.com\\\/pl\\\/produkcja-podcastow-audio-wideo\\\/\",\"url\":\"https:\\\/\\\/epidemicstudio.com\\\/pl\\\/produkcja-podcastow-audio-wideo\\\/\",\"name\":\"Edycja i Produkcja Podcast\u00f3w | Nagranie i Monta\u017c Podcastu profesjonalna postprodukcja - Epidemic Studio: Edycja i monta\u017c wideo\",\"isPartOf\":{\"@id\":\"https:\\\/\\\/epidemicstudio.com\\\/pl\\\/#website\"},\"primaryImageOfPage\":{\"@id\":\"https:\\\/\\\/epidemicstudio.com\\\/pl\\\/produkcja-podcastow-audio-wideo\\\/#primaryimage\"},\"image\":{\"@id\":\"https:\\\/\\\/epidemicstudio.com\\\/pl\\\/produkcja-podcastow-audio-wideo\\\/#primaryimage\"},\"thumbnailUrl\":\"http:\\\/\\\/epidemicstudio.com\\\/pl\\\/wp-content\\\/uploads\\\/sites\\\/6\\\/2025\\\/03\\\/edycja-podcastu-wideo-2.jpg\",\"datePublished\":\"2025-03-15T09:11:41+00:00\",\"dateModified\":\"2026-04-12T18:29:59+00:00\",\"description\":\"Profesjonalna edycja wideo \u015blubnego i weselnego. Tworzymy filmy, kt\u00f3re uchwyc\u0105 najpi\u0119kniejsze momenty Twojego \u015blubu. Skontaktuj si\u0119 z nami!\",\"breadcrumb\":{\"@id\":\"https:\\\/\\\/epidemicstudio.com\\\/pl\\\/produkcja-podcastow-audio-wideo\\\/#breadcrumb\"},\"inLanguage\":\"pl-PL\",\"potentialAction\":[{\"@type\":\"ReadAction\",\"target\":[\"https:\\\/\\\/epidemicstudio.com\\\/pl\\\/produkcja-podcastow-audio-wideo\\\/\"]}]},{\"@type\":\"ImageObject\",\"inLanguage\":\"pl-PL\",\"@id\":\"https:\\\/\\\/epidemicstudio.com\\\/pl\\\/produkcja-podcastow-audio-wideo\\\/#primaryimage\",\"url\":\"http:\\\/\\\/epidemicstudio.com\\\/pl\\\/wp-content\\\/uploads\\\/sites\\\/6\\\/2025\\\/03\\\/edycja-podcastu-wideo-2.jpg\",\"contentUrl\":\"http:\\\/\\\/epidemicstudio.com\\\/pl\\\/wp-content\\\/uploads\\\/sites\\\/6\\\/2025\\\/03\\\/edycja-podcastu-wideo-2.jpg\",\"width\":1920,\"height\":1920,\"caption\":\"edycja podcastu audio i wideo nagranie podcastu\"},{\"@type\":\"BreadcrumbList\",\"@id\":\"https:\\\/\\\/epidemicstudio.com\\\/pl\\\/produkcja-podcastow-audio-wideo\\\/#breadcrumb\",\"itemListElement\":[{\"@type\":\"ListItem\",\"position\":1,\"name\":\"Strona g\u0142\u00f3wna\",\"item\":\"https:\\\/\\\/epidemicstudio.com\\\/pl\\\/\"},{\"@type\":\"ListItem\",\"position\":2,\"name\":\"Edycja i Produkcja Podcast\u00f3w | Nagranie i Monta\u017c Podcastu\"}]},{\"@type\":\"WebSite\",\"@id\":\"https:\\\/\\\/epidemicstudio.com\\\/pl\\\/#website\",\"url\":\"https:\\\/\\\/epidemicstudio.com\\\/pl\\\/\",\"name\":\"Epidemic Studio: Edycja i monta\u017c wideo\",\"description\":\"Epidemic Studio Edycja i monta\u017c wideo\",\"publisher\":{\"@id\":\"https:\\\/\\\/epidemicstudio.com\\\/pl\\\/#organization\"},\"potentialAction\":[{\"@type\":\"SearchAction\",\"target\":{\"@type\":\"EntryPoint\",\"urlTemplate\":\"https:\\\/\\\/epidemicstudio.com\\\/pl\\\/?s={search_term_string}\"},\"query-input\":{\"@type\":\"PropertyValueSpecification\",\"valueRequired\":true,\"valueName\":\"search_term_string\"}}],\"inLanguage\":\"pl-PL\"},{\"@type\":\"Organization\",\"@id\":\"https:\\\/\\\/epidemicstudio.com\\\/pl\\\/#organization\",\"name\":\"Epidemic Studio\",\"url\":\"https:\\\/\\\/epidemicstudio.com\\\/pl\\\/\",\"logo\":{\"@type\":\"ImageObject\",\"inLanguage\":\"pl-PL\",\"@id\":\"https:\\\/\\\/epidemicstudio.com\\\/pl\\\/#\\\/schema\\\/logo\\\/image\\\/\",\"url\":\"http:\\\/\\\/epidemicstudio.com\\\/pl\\\/wp-content\\\/uploads\\\/sites\\\/6\\\/2025\\\/02\\\/logo-test-removebg-preview-\u2014-kopia-e1739539992196.png\",\"contentUrl\":\"http:\\\/\\\/epidemicstudio.com\\\/pl\\\/wp-content\\\/uploads\\\/sites\\\/6\\\/2025\\\/02\\\/logo-test-removebg-preview-\u2014-kopia-e1739539992196.png\",\"width\":100,\"height\":60,\"caption\":\"Epidemic Studio\"},\"image\":{\"@id\":\"https:\\\/\\\/epidemicstudio.com\\\/pl\\\/#\\\/schema\\\/logo\\\/image\\\/\"}}]}<\/script>\n<!-- \/ Yoast SEO plugin. -->","yoast_head_json":{"title":"Edycja i Produkcja Podcast\u00f3w | Nagranie i Monta\u017c Podcastu profesjonalna postprodukcja - Epidemic Studio: Edycja i monta\u017c wideo","description":"Profesjonalna edycja wideo \u015blubnego i weselnego. Tworzymy filmy, kt\u00f3re uchwyc\u0105 najpi\u0119kniejsze momenty Twojego \u015blubu. Skontaktuj si\u0119 z nami!","robots":{"index":"index","follow":"follow","max-snippet":"max-snippet:-1","max-image-preview":"max-image-preview:large","max-video-preview":"max-video-preview:-1"},"canonical":"https:\/\/epidemicstudio.com\/pl\/produkcja-podcastow-audio-wideo\/","og_locale":"pl_PL","og_type":"article","og_title":"Edycja i Produkcja Podcast\u00f3w | Nagranie i Monta\u017c Podcastu profesjonalna postprodukcja - Epidemic Studio: Edycja i monta\u017c wideo","og_description":"Profesjonalna edycja wideo \u015blubnego i weselnego. Tworzymy filmy, kt\u00f3re uchwyc\u0105 najpi\u0119kniejsze momenty Twojego \u015blubu. Skontaktuj si\u0119 z nami!","og_url":"https:\/\/epidemicstudio.com\/pl\/produkcja-podcastow-audio-wideo\/","og_site_name":"Epidemic Studio: Edycja i monta\u017c wideo","article_modified_time":"2026-04-12T18:29:59+00:00","og_image":[{"url":"http:\/\/epidemicstudio.com\/pl\/wp-content\/uploads\/sites\/6\/2025\/03\/edycja-podcastu-wideo-2.jpg","type":"","width":"","height":""}],"twitter_card":"summary_large_image","twitter_misc":{"Szacowany czas czytania":"2 minuty"},"schema":{"@context":"https:\/\/schema.org","@graph":[{"@type":"WebPage","@id":"https:\/\/epidemicstudio.com\/pl\/produkcja-podcastow-audio-wideo\/","url":"https:\/\/epidemicstudio.com\/pl\/produkcja-podcastow-audio-wideo\/","name":"Edycja i Produkcja Podcast\u00f3w | Nagranie i Monta\u017c Podcastu profesjonalna postprodukcja - Epidemic Studio: Edycja i monta\u017c wideo","isPartOf":{"@id":"https:\/\/epidemicstudio.com\/pl\/#website"},"primaryImageOfPage":{"@id":"https:\/\/epidemicstudio.com\/pl\/produkcja-podcastow-audio-wideo\/#primaryimage"},"image":{"@id":"https:\/\/epidemicstudio.com\/pl\/produkcja-podcastow-audio-wideo\/#primaryimage"},"thumbnailUrl":"http:\/\/epidemicstudio.com\/pl\/wp-content\/uploads\/sites\/6\/2025\/03\/edycja-podcastu-wideo-2.jpg","datePublished":"2025-03-15T09:11:41+00:00","dateModified":"2026-04-12T18:29:59+00:00","description":"Profesjonalna edycja wideo \u015blubnego i weselnego. Tworzymy filmy, kt\u00f3re uchwyc\u0105 najpi\u0119kniejsze momenty Twojego \u015blubu. Skontaktuj si\u0119 z nami!","breadcrumb":{"@id":"https:\/\/epidemicstudio.com\/pl\/produkcja-podcastow-audio-wideo\/#breadcrumb"},"inLanguage":"pl-PL","potentialAction":[{"@type":"ReadAction","target":["https:\/\/epidemicstudio.com\/pl\/produkcja-podcastow-audio-wideo\/"]}]},{"@type":"ImageObject","inLanguage":"pl-PL","@id":"https:\/\/epidemicstudio.com\/pl\/produkcja-podcastow-audio-wideo\/#primaryimage","url":"http:\/\/epidemicstudio.com\/pl\/wp-content\/uploads\/sites\/6\/2025\/03\/edycja-podcastu-wideo-2.jpg","contentUrl":"http:\/\/epidemicstudio.com\/pl\/wp-content\/uploads\/sites\/6\/2025\/03\/edycja-podcastu-wideo-2.jpg","width":1920,"height":1920,"caption":"edycja podcastu audio i wideo nagranie podcastu"},{"@type":"BreadcrumbList","@id":"https:\/\/epidemicstudio.com\/pl\/produkcja-podcastow-audio-wideo\/#breadcrumb","itemListElement":[{"@type":"ListItem","position":1,"name":"Strona g\u0142\u00f3wna","item":"https:\/\/epidemicstudio.com\/pl\/"},{"@type":"ListItem","position":2,"name":"Edycja i Produkcja Podcast\u00f3w | Nagranie i Monta\u017c Podcastu"}]},{"@type":"WebSite","@id":"https:\/\/epidemicstudio.com\/pl\/#website","url":"https:\/\/epidemicstudio.com\/pl\/","name":"Epidemic Studio: Edycja i monta\u017c wideo","description":"Epidemic Studio Edycja i monta\u017c wideo","publisher":{"@id":"https:\/\/epidemicstudio.com\/pl\/#organization"},"potentialAction":[{"@type":"SearchAction","target":{"@type":"EntryPoint","urlTemplate":"https:\/\/epidemicstudio.com\/pl\/?s={search_term_string}"},"query-input":{"@type":"PropertyValueSpecification","valueRequired":true,"valueName":"search_term_string"}}],"inLanguage":"pl-PL"},{"@type":"Organization","@id":"https:\/\/epidemicstudio.com\/pl\/#organization","name":"Epidemic Studio","url":"https:\/\/epidemicstudio.com\/pl\/","logo":{"@type":"ImageObject","inLanguage":"pl-PL","@id":"https:\/\/epidemicstudio.com\/pl\/#\/schema\/logo\/image\/","url":"http:\/\/epidemicstudio.com\/pl\/wp-content\/uploads\/sites\/6\/2025\/02\/logo-test-removebg-preview-\u2014-kopia-e1739539992196.png","contentUrl":"http:\/\/epidemicstudio.com\/pl\/wp-content\/uploads\/sites\/6\/2025\/02\/logo-test-removebg-preview-\u2014-kopia-e1739539992196.png","width":100,"height":60,"caption":"Epidemic Studio"},"image":{"@id":"https:\/\/epidemicstudio.com\/pl\/#\/schema\/logo\/image\/"}}]}},"_links":{"self":[{"href":"http:\/\/epidemicstudio.com\/pl\/wp-json\/wp\/v2\/pages\/725","targetHints":{"allow":["GET"]}}],"collection":[{"href":"http:\/\/epidemicstudio.com\/pl\/wp-json\/wp\/v2\/pages"}],"about":[{"href":"http:\/\/epidemicstudio.com\/pl\/wp-json\/wp\/v2\/types\/page"}],"author":[{"embeddable":true,"href":"http:\/\/epidemicstudio.com\/pl\/wp-json\/wp\/v2\/users\/1"}],"replies":[{"embeddable":true,"href":"http:\/\/epidemicstudio.com\/pl\/wp-json\/wp\/v2\/comments?post=725"}],"version-history":[{"count":20,"href":"http:\/\/epidemicstudio.com\/pl\/wp-json\/wp\/v2\/pages\/725\/revisions"}],"predecessor-version":[{"id":1336,"href":"http:\/\/epidemicstudio.com\/pl\/wp-json\/wp\/v2\/pages\/725\/revisions\/1336"}],"wp:attachment":[{"href":"http:\/\/epidemicstudio.com\/pl\/wp-json\/wp\/v2\/media?parent=725"}],"curies":[{"name":"wp","href":"https:\/\/api.w.org\/{rel}","templated":true}]}}