{"id":1001,"date":"2025-12-13T06:05:30","date_gmt":"2025-12-13T11:05:30","guid":{"rendered":"https:\/\/epidemicstudio.com\/fr\/?page_id=1001"},"modified":"2025-12-13T07:33:15","modified_gmt":"2025-12-13T12:33:15","slug":"montage-podcast-multicam","status":"publish","type":"page","link":"https:\/\/epidemicstudio.com\/fr\/montage-podcast-multicam\/","title":{"rendered":"Montage Podcast &#038; Multicam"},"content":{"rendered":"\t\t<div data-elementor-type=\"wp-page\" data-elementor-id=\"1001\" class=\"elementor elementor-1001\">\n\t\t\t\t<div class=\"elementor-element elementor-element-c36f11e e-flex e-con-boxed e-con e-parent\" data-id=\"c36f11e\" data-element_type=\"container\" data-e-type=\"container\" data-settings=\"{&quot;background_background&quot;:&quot;video&quot;,&quot;background_video_link&quot;:&quot;https:\\\/\\\/www.youtube.com\\\/watch?v=MIfzRT2bNeU&quot;,&quot;background_video_start&quot;:19,&quot;background_play_on_mobile&quot;:&quot;yes&quot;,&quot;background_video_end&quot;:88}\">\n\t\t\t\t\t<div class=\"e-con-inner\">\n\t\t<div class=\"elementor-background-video-container\">\n\t\t\t\t\t\t\t<div class=\"elementor-background-video-embed\" role=\"presentation\"><\/div>\n\t\t\t\t\t\t<\/div>\t\t\t<\/div>\n\t\t\t\t<\/div>\n\t\t<div class=\"elementor-element elementor-element-6673a32 e-flex e-con-boxed e-con e-parent\" data-id=\"6673a32\" data-element_type=\"container\" data-e-type=\"container\">\n\t\t\t\t\t<div class=\"e-con-inner\">\n\t\t\t\t<div class=\"elementor-element elementor-element-908382a elementor-widget elementor-widget-heading\" data-id=\"908382a\" data-element_type=\"widget\" data-e-type=\"widget\" data-widget_type=\"heading.default\">\n\t\t\t\t<div class=\"elementor-widget-container\">\n\t\t\t\t\t<h2 class=\"elementor-heading-title elementor-size-default\">Nous proposons un montage vid\u00e9o professionnel pour podcasts et multicam\u00e9ras aux cr\u00e9ateurs, entreprises et \u00e9quipes de production \u00e0 travers le monde.<\/h2>\t\t\t\t<\/div>\n\t\t\t\t<\/div>\n\t\t\t\t\t<\/div>\n\t\t\t\t<\/div>\n\t\t<div class=\"elementor-element elementor-element-876c5d2 e-grid e-con-boxed e-con e-parent\" data-id=\"876c5d2\" data-element_type=\"container\" data-e-type=\"container\">\n\t\t\t\t\t<div class=\"e-con-inner\">\n\t\t<div class=\"elementor-element elementor-element-fdd80e6 e-con-full e-flex e-con e-child\" data-id=\"fdd80e6\" data-element_type=\"container\" data-e-type=\"container\">\n\t\t\t\t<div class=\"elementor-element elementor-element-2d8ea9e elementor-widget elementor-widget-text-editor\" data-id=\"2d8ea9e\" data-element_type=\"widget\" data-e-type=\"widget\" data-widget_type=\"text-editor.default\">\n\t\t\t\t<div class=\"elementor-widget-container\">\n\t\t\t\t\t\t\t\t\t<p data-start=\"484\" data-end=\"590\">Nous montons des podcasts enregistr\u00e9s en studio ou sur site, en livrant des vid\u00e9os <strong data-start=\"296\" data-end=\"351\">propres, engageantes et pr\u00eates pour les plateformes<\/strong>.<\/p><h3 data-start=\"361\" data-end=\"390\">Ce que nous r\u00e9alisons :<\/h3><ul data-start=\"392\" data-end=\"675\"><li data-start=\"392\" data-end=\"434\"><p data-start=\"394\" data-end=\"434\">Synchronisation et montage multicam\u00e9ra<\/p><\/li><li data-start=\"435\" data-end=\"469\"><p data-start=\"437\" data-end=\"469\">Nettoyage et \u00e9quilibrage audio<\/p><\/li><li data-start=\"470\" data-end=\"499\"><p data-start=\"472\" data-end=\"499\">Rythme et structure vid\u00e9o<\/p><\/li><li data-start=\"500\" data-end=\"542\"><p data-start=\"502\" data-end=\"542\">Correction colorim\u00e9trique &amp; \u00e9talonnage<\/p><\/li><li data-start=\"543\" data-end=\"597\"><p data-start=\"545\" data-end=\"597\">Intros, outros et titres inf\u00e9rieurs (lower thirds)<\/p><\/li><li data-start=\"598\" data-end=\"675\"><p data-start=\"600\" data-end=\"675\">Montages optimis\u00e9s pour <strong data-start=\"624\" data-end=\"673\">YouTube, Spotify Video et les r\u00e9seaux sociaux<\/strong><\/p><\/li><\/ul><p data-start=\"677\" data-end=\"735\"><strong data-start=\"677\" data-end=\"690\">Formats :<\/strong> \u00e9pisodes complets, extraits, shorts, reels<\/p>\t\t\t\t\t\t\t\t<\/div>\n\t\t\t\t<\/div>\n\t\t\t\t<\/div>\n\t\t<div class=\"elementor-element elementor-element-56f8a43 e-con-full e-flex e-con e-child\" data-id=\"56f8a43\" data-element_type=\"container\" data-e-type=\"container\">\n\t\t\t\t<div class=\"elementor-element elementor-element-a906730 elementor-widget elementor-widget-text-editor\" data-id=\"a906730\" data-element_type=\"widget\" data-e-type=\"widget\" data-widget_type=\"text-editor.default\">\n\t\t\t\t<div class=\"elementor-widget-container\">\n\t\t\t\t\t\t\t\t\t<h3 data-start=\"58\" data-end=\"83\">Montage Multicam\u00e9ra<\/h3><p data-start=\"85\" data-end=\"157\">Nous sommes sp\u00e9cialis\u00e9s dans la <strong data-start=\"117\" data-end=\"148\">post-production multicam\u00e9ra<\/strong> pour :<\/p><ul data-start=\"159\" data-end=\"305\"><li data-start=\"159\" data-end=\"196\"><p data-start=\"161\" data-end=\"196\">Conf\u00e9rences et conf\u00e9rences-d\u00e9bats<\/p><\/li><li data-start=\"197\" data-end=\"214\"><p data-start=\"199\" data-end=\"214\">Tables rondes<\/p><\/li><li data-start=\"215\" data-end=\"242\"><p data-start=\"217\" data-end=\"242\">\u00c9v\u00e9nements d\u2019entreprise<\/p><\/li><li data-start=\"243\" data-end=\"278\"><p data-start=\"245\" data-end=\"278\">Cours en ligne et pr\u00e9sentations<\/p><\/li><li data-start=\"279\" data-end=\"305\"><p data-start=\"281\" data-end=\"305\">Performances sur sc\u00e8ne<\/p><\/li><\/ul><h3 data-start=\"312\" data-end=\"328\">Comprend :<\/h3><ul data-start=\"330\" data-end=\"555\"><li data-start=\"330\" data-end=\"371\"><p data-start=\"332\" data-end=\"371\">Montage multicam\u00e9ra <strong data-start=\"352\" data-end=\"369\">2 \u00e0 6 cam\u00e9ras<\/strong><\/p><\/li><li data-start=\"372\" data-end=\"412\"><p data-start=\"374\" data-end=\"412\">D\u00e9coupes et synchronisation pr\u00e9cises<\/p><\/li><li data-start=\"413\" data-end=\"451\"><p data-start=\"415\" data-end=\"451\">Nettoyage et homog\u00e9n\u00e9isation audio<\/p><\/li><li data-start=\"452\" data-end=\"501\"><p data-start=\"454\" data-end=\"501\"><strong data-start=\"454\" data-end=\"481\">\u00c9talonnage des couleurs<\/strong> entre les cam\u00e9ras<\/p><\/li><li data-start=\"502\" data-end=\"555\"><p data-start=\"504\" data-end=\"555\">Livraison aux standards <strong data-start=\"528\" data-end=\"553\">en ligne ou broadcast<\/strong><\/p><\/li><\/ul>\t\t\t\t\t\t\t\t<\/div>\n\t\t\t\t<\/div>\n\t\t\t\t<\/div>\n\t\t\t\t\t<\/div>\n\t\t\t\t<\/div>\n\t\t<div class=\"elementor-element elementor-element-5776f58 e-flex e-con-boxed e-con e-parent\" data-id=\"5776f58\" data-element_type=\"container\" data-e-type=\"container\">\n\t\t\t\t\t<div class=\"e-con-inner\">\n\t\t\t\t<div class=\"elementor-element elementor-element-62877f4 elementor-widget elementor-widget-text-editor\" data-id=\"62877f4\" data-element_type=\"widget\" data-e-type=\"widget\" data-widget_type=\"text-editor.default\">\n\t\t\t\t<div class=\"elementor-widget-container\">\n\t\t\t\t\t\t\t\t\t<h3 data-start=\"58\" data-end=\"114\">Enregistrement de Live Stream (montage uniquement)<\/h3><p data-start=\"116\" data-end=\"191\">Nous proposons la <strong data-start=\"134\" data-end=\"187\">post-production pour les live streams enregistr\u00e9s<\/strong> :<\/p><ul data-start=\"193\" data-end=\"355\"><li data-start=\"193\" data-end=\"246\"><p data-start=\"195\" data-end=\"246\">Montage multicam\u00e9ra \u00e0 partir des flux enregistr\u00e9s<\/p><\/li><li data-start=\"247\" data-end=\"267\"><p data-start=\"249\" data-end=\"267\">Correction audio<\/p><\/li><li data-start=\"268\" data-end=\"310\"><p data-start=\"270\" data-end=\"310\">Graphismes, titres et <strong data-start=\"292\" data-end=\"308\">lower thirds<\/strong><\/p><\/li><li data-start=\"311\" data-end=\"355\"><p data-start=\"313\" data-end=\"355\">Exportations pr\u00eates pour les plateformes<\/p><\/li><\/ul>\t\t\t\t\t\t\t\t<\/div>\n\t\t\t\t<\/div>\n\t\t\t\t\t<\/div>\n\t\t\t\t<\/div>\n\t\t<div class=\"elementor-element elementor-element-505bcbf e-flex e-con-boxed e-con e-parent\" data-id=\"505bcbf\" data-element_type=\"container\" data-e-type=\"container\">\n\t\t\t\t\t<div class=\"e-con-inner\">\n\t\t\t\t<div class=\"elementor-element elementor-element-63e69f4 elementor-align-center elementor-widget elementor-widget-button\" data-id=\"63e69f4\" data-element_type=\"widget\" data-e-type=\"widget\" data-widget_type=\"button.default\">\n\t\t\t\t<div class=\"elementor-widget-container\">\n\t\t\t\t\t\t\t\t\t<div class=\"elementor-button-wrapper\">\n\t\t\t\t\t<a class=\"elementor-button elementor-button-link elementor-size-sm\" href=\"https:\/\/epidemicstudio.com\/fr\/contactez-nous\/\">\n\t\t\t\t\t\t<span class=\"elementor-button-content-wrapper\">\n\t\t\t\t\t\t\t\t\t<span class=\"elementor-button-text\">Contactez-nous<\/span>\n\t\t\t\t\t<\/span>\n\t\t\t\t\t<\/a>\n\t\t\t\t<\/div>\n\t\t\t\t\t\t\t\t<\/div>\n\t\t\t\t<\/div>\n\t\t\t\t\t<\/div>\n\t\t\t\t<\/div>\n\t\t\t\t<\/div>\n\t\t","protected":false},"excerpt":{"rendered":"<p>Nous proposons un montage vid\u00e9o professionnel pour podcasts et multicam\u00e9ras aux cr\u00e9ateurs, entreprises et \u00e9quipes de production \u00e0 travers le monde. Nous montons des podcasts enregistr\u00e9s en studio ou sur site, en livrant des vid\u00e9os propres, engageantes et pr\u00eates pour les plateformes. Ce que nous r\u00e9alisons : Synchronisation et montage multicam\u00e9ra Nettoyage et \u00e9quilibrage audio [&hellip;]<\/p>\n","protected":false},"author":1,"featured_media":0,"parent":0,"menu_order":0,"comment_status":"closed","ping_status":"closed","template":"","meta":{"footnotes":""},"class_list":["post-1001","page","type-page","status-publish","hentry"],"_links":{"self":[{"href":"https:\/\/epidemicstudio.com\/fr\/wp-json\/wp\/v2\/pages\/1001","targetHints":{"allow":["GET"]}}],"collection":[{"href":"https:\/\/epidemicstudio.com\/fr\/wp-json\/wp\/v2\/pages"}],"about":[{"href":"https:\/\/epidemicstudio.com\/fr\/wp-json\/wp\/v2\/types\/page"}],"author":[{"embeddable":true,"href":"https:\/\/epidemicstudio.com\/fr\/wp-json\/wp\/v2\/users\/1"}],"replies":[{"embeddable":true,"href":"https:\/\/epidemicstudio.com\/fr\/wp-json\/wp\/v2\/comments?post=1001"}],"version-history":[{"count":8,"href":"https:\/\/epidemicstudio.com\/fr\/wp-json\/wp\/v2\/pages\/1001\/revisions"}],"predecessor-version":[{"id":1048,"href":"https:\/\/epidemicstudio.com\/fr\/wp-json\/wp\/v2\/pages\/1001\/revisions\/1048"}],"wp:attachment":[{"href":"https:\/\/epidemicstudio.com\/fr\/wp-json\/wp\/v2\/media?parent=1001"}],"curies":[{"name":"wp","href":"https:\/\/api.w.org\/{rel}","templated":true}]}}