{"id":551,"date":"2025-02-26T10:16:54","date_gmt":"2025-02-26T09:16:54","guid":{"rendered":"https:\/\/epidemicstudio.com\/fr\/?page_id=551"},"modified":"2025-12-13T07:36:34","modified_gmt":"2025-12-13T12:36:34","slug":"montage-video-youtube","status":"publish","type":"page","link":"https:\/\/epidemicstudio.com\/fr\/montage-video-youtube\/","title":{"rendered":"Montage vid\u00e9o YouTube"},"content":{"rendered":"\t\t<div data-elementor-type=\"wp-page\" data-elementor-id=\"551\" class=\"elementor elementor-551\">\n\t\t\t\t<div class=\"elementor-element elementor-element-a26670a e-flex e-con-boxed e-con e-parent\" data-id=\"a26670a\" data-element_type=\"container\" data-e-type=\"container\" data-settings=\"{&quot;background_background&quot;:&quot;video&quot;,&quot;background_video_link&quot;:&quot;https:\\\/\\\/youtu.be\\\/MIfzRT2bNeU?si=-sfAwvAFTdyrdtM3&amp;t=19&quot;,&quot;background_video_start&quot;:20,&quot;background_video_end&quot;:87,&quot;background_play_on_mobile&quot;:&quot;yes&quot;}\">\n\t\t\t\t\t<div class=\"e-con-inner\">\n\t\t<div class=\"elementor-background-video-container\">\n\t\t\t\t\t\t\t<div class=\"elementor-background-video-embed\" role=\"presentation\"><\/div>\n\t\t\t\t\t\t<\/div>\t\t<div class=\"elementor-element elementor-element-d0709ff elementor-widget elementor-widget-heading\" data-id=\"d0709ff\" data-element_type=\"widget\" data-e-type=\"widget\" data-widget_type=\"heading.default\">\n\t\t\t\t<div class=\"elementor-widget-container\">\n\t\t\t\t\t<h2 class=\"elementor-heading-title elementor-size-default\">Vos vid\u00e9os, mont\u00e9es professionnellement !<\/h2>\t\t\t\t<\/div>\n\t\t\t\t<\/div>\n\t\t\t\t\t<\/div>\n\t\t\t\t<\/div>\n\t\t\t\t<section class=\"elementor-section elementor-top-section elementor-element elementor-element-14582e8 elementor-section-boxed elementor-section-height-default elementor-section-height-default\" data-id=\"14582e8\" data-element_type=\"section\" data-e-type=\"section\">\n\t\t\t\t\t\t<div class=\"elementor-container elementor-column-gap-default\">\n\t\t\t\t\t<div class=\"elementor-column elementor-col-100 elementor-top-column elementor-element elementor-element-249321da\" data-id=\"249321da\" data-element_type=\"column\" data-e-type=\"column\">\n\t\t\t<div class=\"elementor-widget-wrap elementor-element-populated\">\n\t\t\t\t\t\t<section class=\"elementor-section elementor-inner-section elementor-element elementor-element-b02ac1e elementor-section-boxed elementor-section-height-default elementor-section-height-default\" data-id=\"b02ac1e\" data-element_type=\"section\" data-e-type=\"section\">\n\t\t\t\t\t\t<div class=\"elementor-container elementor-column-gap-default\">\n\t\t\t\t\t<div class=\"elementor-column elementor-col-50 elementor-inner-column elementor-element elementor-element-44c794a7\" data-id=\"44c794a7\" data-element_type=\"column\" data-e-type=\"column\">\n\t\t\t<div class=\"elementor-widget-wrap elementor-element-populated\">\n\t\t\t\t\t\t<div class=\"elementor-element elementor-element-d71dbc2 elementor-widget elementor-widget-image\" data-id=\"d71dbc2\" data-element_type=\"widget\" data-e-type=\"widget\" data-widget_type=\"image.default\">\n\t\t\t\t<div class=\"elementor-widget-container\">\n\t\t\t\t\t\t\t\t\t\t\t\t\t\t\t<img fetchpriority=\"high\" decoding=\"async\" width=\"1080\" height=\"730\" src=\"https:\/\/epidemicstudio.com\/fr\/wp-content\/uploads\/sites\/9\/2025\/02\/film-camera-crew-consulting-newly-taken-footage.jpg\" class=\"attachment-full size-full wp-image-348\" alt=\"Professional YouTube video editing service for vlogs, tutorials, and podcasts. High-quality video editing for engaging content.\" srcset=\"https:\/\/epidemicstudio.com\/fr\/wp-content\/uploads\/sites\/9\/2025\/02\/film-camera-crew-consulting-newly-taken-footage.jpg 1080w, https:\/\/epidemicstudio.com\/fr\/wp-content\/uploads\/sites\/9\/2025\/02\/film-camera-crew-consulting-newly-taken-footage-300x203.jpg 300w, https:\/\/epidemicstudio.com\/fr\/wp-content\/uploads\/sites\/9\/2025\/02\/film-camera-crew-consulting-newly-taken-footage-1024x692.jpg 1024w, https:\/\/epidemicstudio.com\/fr\/wp-content\/uploads\/sites\/9\/2025\/02\/film-camera-crew-consulting-newly-taken-footage-768x519.jpg 768w, https:\/\/epidemicstudio.com\/fr\/wp-content\/uploads\/sites\/9\/2025\/02\/film-camera-crew-consulting-newly-taken-footage-600x406.jpg 600w\" sizes=\"(max-width: 1080px) 100vw, 1080px\" \/>\t\t\t\t\t\t\t\t\t\t\t\t\t\t\t<\/div>\n\t\t\t\t<\/div>\n\t\t\t\t\t<\/div>\n\t\t<\/div>\n\t\t\t\t<div class=\"elementor-column elementor-col-50 elementor-inner-column elementor-element elementor-element-a21c5fb\" data-id=\"a21c5fb\" data-element_type=\"column\" data-e-type=\"column\">\n\t\t\t<div class=\"elementor-widget-wrap elementor-element-populated\">\n\t\t\t\t\t\t<div class=\"elementor-element elementor-element-20ecb52c elementor-widget elementor-widget-heading\" data-id=\"20ecb52c\" data-element_type=\"widget\" data-e-type=\"widget\" data-widget_type=\"heading.default\">\n\t\t\t\t<div class=\"elementor-widget-container\">\n\t\t\t\t\t<h2 class=\"elementor-heading-title elementor-size-default\">EPIDEMIC STUDIO<\/h2>\t\t\t\t<\/div>\n\t\t\t\t<\/div>\n\t\t\t\t<div class=\"elementor-element elementor-element-25a3f421 elementor-invisible elementor-widget elementor-widget-heading\" data-id=\"25a3f421\" data-element_type=\"widget\" data-e-type=\"widget\" data-settings=\"{&quot;_animation&quot;:&quot;fadeInDown&quot;}\" data-widget_type=\"heading.default\">\n\t\t\t\t<div class=\"elementor-widget-container\">\n\t\t\t\t\t<h2 class=\"elementor-heading-title elementor-size-default\">Montage vid\u00e9o YouTube<\/h2>\t\t\t\t<\/div>\n\t\t\t\t<\/div>\n\t\t\t\t<div class=\"elementor-element elementor-element-7ec3c9a8 elementor-widget elementor-widget-text-editor\" data-id=\"7ec3c9a8\" data-element_type=\"widget\" data-e-type=\"widget\" data-widget_type=\"text-editor.default\">\n\t\t\t\t<div class=\"elementor-widget-container\">\n\t\t\t\t\t\t\t\t\t<p>Vous vous concentrez sur la cr\u00e9ation de contenu \u2013 <strong data-start=\"185\" data-end=\"220\">nous nous occupons du montage !<\/strong><br data-start=\"220\" data-end=\"223\" \/>Que vous soyez <strong data-start=\"238\" data-end=\"274\" data-is-only-node=\"\">vlogger, formateur ou podcasteur<\/strong>, nous transformons vos rushes bruts en vid\u00e9os <strong data-start=\"321\" data-end=\"348\">soign\u00e9es et captivantes<\/strong> qui retiennent l\u2019attention de votre audience.<\/p>\t\t\t\t\t\t\t\t<\/div>\n\t\t\t\t<\/div>\n\t\t\t\t<div class=\"elementor-element elementor-element-589b017 elementor-widget elementor-widget-button\" data-id=\"589b017\" data-element_type=\"widget\" data-e-type=\"widget\" data-widget_type=\"button.default\">\n\t\t\t\t<div class=\"elementor-widget-container\">\n\t\t\t\t\t\t\t\t\t<div class=\"elementor-button-wrapper\">\n\t\t\t\t\t<a class=\"elementor-button elementor-button-link elementor-size-sm\" href=\"https:\/\/epidemicstudio.com\/fr\/contactez-nous\/\">\n\t\t\t\t\t\t<span class=\"elementor-button-content-wrapper\">\n\t\t\t\t\t\t\t\t\t<span class=\"elementor-button-text\">Contactez-nous d\u00e8s aujourd\u2019hui !<\/span>\n\t\t\t\t\t<\/span>\n\t\t\t\t\t<\/a>\n\t\t\t\t<\/div>\n\t\t\t\t\t\t\t\t<\/div>\n\t\t\t\t<\/div>\n\t\t\t\t\t<\/div>\n\t\t<\/div>\n\t\t\t\t\t<\/div>\n\t\t<\/section>\n\t\t\t\t<section class=\"elementor-section elementor-inner-section elementor-element elementor-element-3a3e68d5 elementor-section-boxed elementor-section-height-default elementor-section-height-default\" data-id=\"3a3e68d5\" data-element_type=\"section\" data-e-type=\"section\">\n\t\t\t\t\t\t<div class=\"elementor-container elementor-column-gap-default\">\n\t\t\t\t\t<div class=\"elementor-column elementor-col-33 elementor-inner-column elementor-element elementor-element-98d13c elementor-invisible\" data-id=\"98d13c\" data-element_type=\"column\" data-e-type=\"column\" data-settings=\"{&quot;animation&quot;:&quot;slideInLeft&quot;}\">\n\t\t\t<div class=\"elementor-widget-wrap elementor-element-populated\">\n\t\t\t\t\t\t<div class=\"elementor-element elementor-element-54004bb7 elementor-widget elementor-widget-heading\" data-id=\"54004bb7\" data-element_type=\"widget\" data-e-type=\"widget\" data-widget_type=\"heading.default\">\n\t\t\t\t<div class=\"elementor-widget-container\">\n\t\t\t\t\t<h2 class=\"elementor-heading-title elementor-size-default\">Vlogs<\/h2>\t\t\t\t<\/div>\n\t\t\t\t<\/div>\n\t\t\t\t<div class=\"elementor-element elementor-element-7fbb7bee elementor-widget elementor-widget-text-editor\" data-id=\"7fbb7bee\" data-element_type=\"widget\" data-e-type=\"widget\" data-widget_type=\"text-editor.default\">\n\t\t\t\t<div class=\"elementor-widget-container\">\n\t\t\t\t\t\t\t\t\t<p>Montage fluide pour les <strong data-start=\"94\" data-end=\"154\">vlogs quotidiens, vid\u00e9os de voyage et contenus lifestyle<\/strong>.<br data-start=\"155\" data-end=\"158\" \/>Assurez-vous que votre narration reste <strong data-start=\"197\" data-end=\"234\">fluide et visuellement attrayante<\/strong> !<\/p>\t\t\t\t\t\t\t\t<\/div>\n\t\t\t\t<\/div>\n\t\t\t\t\t<\/div>\n\t\t<\/div>\n\t\t\t\t<div class=\"elementor-column elementor-col-33 elementor-inner-column elementor-element elementor-element-620af97e elementor-invisible\" data-id=\"620af97e\" data-element_type=\"column\" data-e-type=\"column\" data-settings=\"{&quot;animation&quot;:&quot;slideInUp&quot;}\">\n\t\t\t<div class=\"elementor-widget-wrap elementor-element-populated\">\n\t\t\t\t\t\t<div class=\"elementor-element elementor-element-659720ff elementor-widget elementor-widget-heading\" data-id=\"659720ff\" data-element_type=\"widget\" data-e-type=\"widget\" data-widget_type=\"heading.default\">\n\t\t\t\t<div class=\"elementor-widget-container\">\n\t\t\t\t\t<h2 class=\"elementor-heading-title elementor-size-default\">Cours &amp; Tutoriels<\/h2>\t\t\t\t<\/div>\n\t\t\t\t<\/div>\n\t\t\t\t<div class=\"elementor-element elementor-element-164635b7 elementor-widget elementor-widget-text-editor\" data-id=\"164635b7\" data-element_type=\"widget\" data-e-type=\"widget\" data-widget_type=\"text-editor.default\">\n\t\t\t\t<div class=\"elementor-widget-container\">\n\t\t\t\t\t\t\t\t\t<p>Montage de haute qualit\u00e9 pour les <strong data-start=\"303\" data-end=\"365\">cours en ligne, supports e-learning et vid\u00e9os p\u00e9dagogiques<\/strong>, afin d\u2019am\u00e9liorer la <strong data-start=\"387\" data-end=\"413\">clart\u00e9 et l\u2019engagement<\/strong>.<\/p>\t\t\t\t\t\t\t\t<\/div>\n\t\t\t\t<\/div>\n\t\t\t\t\t<\/div>\n\t\t<\/div>\n\t\t\t\t<div class=\"elementor-column elementor-col-33 elementor-inner-column elementor-element elementor-element-111d4eb1 elementor-invisible\" data-id=\"111d4eb1\" data-element_type=\"column\" data-e-type=\"column\" data-settings=\"{&quot;animation&quot;:&quot;slideInRight&quot;}\">\n\t\t\t<div class=\"elementor-widget-wrap elementor-element-populated\">\n\t\t\t\t\t\t<div class=\"elementor-element elementor-element-2e343d48 elementor-widget elementor-widget-heading\" data-id=\"2e343d48\" data-element_type=\"widget\" data-e-type=\"widget\" data-widget_type=\"heading.default\">\n\t\t\t\t<div class=\"elementor-widget-container\">\n\t\t\t\t\t<h2 class=\"elementor-heading-title elementor-size-default\">Podcasts<\/h2>\t\t\t\t<\/div>\n\t\t\t\t<\/div>\n\t\t\t\t<div class=\"elementor-element elementor-element-66a16138 elementor-widget elementor-widget-text-editor\" data-id=\"66a16138\" data-element_type=\"widget\" data-e-type=\"widget\" data-widget_type=\"text-editor.default\">\n\t\t\t\t<div class=\"elementor-widget-container\">\n\t\t\t\t\t\t\t\t\t<p>Nous montons \u00e0 la fois la <strong data-start=\"464\" data-end=\"484\">vid\u00e9o et l\u2019audio<\/strong> des podcasts YouTube, garantissant une exp\u00e9rience de visionnage <strong data-start=\"549\" data-end=\"581\">professionnelle et immersive<\/strong>.<\/p>\t\t\t\t\t\t\t\t<\/div>\n\t\t\t\t<\/div>\n\t\t\t\t\t<\/div>\n\t\t<\/div>\n\t\t\t\t\t<\/div>\n\t\t<\/section>\n\t\t\t\t\t<\/div>\n\t\t<\/div>\n\t\t\t\t\t<\/div>\n\t\t<\/section>\n\t\t<div class=\"elementor-element elementor-element-b443c03 e-flex e-con-boxed e-con e-parent\" data-id=\"b443c03\" data-element_type=\"container\" data-e-type=\"container\">\n\t\t\t\t\t<div class=\"e-con-inner\">\n\t\t<div class=\"elementor-element elementor-element-3d6fb3b e-con-full e-flex e-con e-child\" data-id=\"3d6fb3b\" data-element_type=\"container\" data-e-type=\"container\">\n\t\t\t\t<div class=\"elementor-element elementor-element-f602bbf elementor-widget elementor-widget-text-editor\" data-id=\"f602bbf\" data-element_type=\"widget\" data-e-type=\"widget\" data-widget_type=\"text-editor.default\">\n\t\t\t\t<div class=\"elementor-widget-container\">\n\t\t\t\t\t\t\t\t\t<p>\ud83d\udca1 <strong>Rappel<\/strong> : La qualit\u00e9 finale de votre vid\u00e9o d\u00e9pend non seulement du montage, mais aussi de la qualit\u00e9 des rushes que vous fournissez !<\/p>\t\t\t\t\t\t\t\t<\/div>\n\t\t\t\t<\/div>\n\t\t\t\t<\/div>\n\t\t\t\t\t<\/div>\n\t\t\t\t<\/div>\n\t\t<div class=\"elementor-element elementor-element-7d5fe5f e-grid e-con-boxed e-con e-parent\" data-id=\"7d5fe5f\" data-element_type=\"container\" data-e-type=\"container\">\n\t\t\t\t\t<div class=\"e-con-inner\">\n\t\t<div class=\"elementor-element elementor-element-84ee036 e-con-full e-flex e-con e-child\" data-id=\"84ee036\" data-element_type=\"container\" data-e-type=\"container\">\n\t\t\t\t<div class=\"elementor-element elementor-element-f7808da elementor-widget elementor-widget-heading\" data-id=\"f7808da\" data-element_type=\"widget\" data-e-type=\"widget\" data-widget_type=\"heading.default\">\n\t\t\t\t<div class=\"elementor-widget-container\">\n\t\t\t\t\t<h2 class=\"elementor-heading-title elementor-size-default\">Vid\u00e9os avec stock footage<\/h2>\t\t\t\t<\/div>\n\t\t\t\t<\/div>\n\t\t\t\t<div class=\"elementor-element elementor-element-a0d3f43 elementor-widget elementor-widget-text-editor\" data-id=\"a0d3f43\" data-element_type=\"widget\" data-e-type=\"widget\" data-widget_type=\"text-editor.default\">\n\t\t\t\t<div class=\"elementor-widget-container\">\n\t\t\t\t\t\t\t\t\t<p>Vous souhaitez cr\u00e9er du contenu <strong data-start=\"270\" data-end=\"299\">sans appara\u00eetre \u00e0 l\u2019\u00e9cran<\/strong> ?<br data-start=\"301\" data-end=\"304\" \/>Nous r\u00e9alisons des vid\u00e9os professionnelles en utilisant des <strong data-start=\"364\" data-end=\"391\">images stock licenci\u00e9es<\/strong>, parfaites pour les cha\u00eenes YouTube ax\u00e9es sur la narration, l\u2019\u00e9ducation ou le storytelling.<\/p>\t\t\t\t\t\t\t\t<\/div>\n\t\t\t\t<\/div>\n\t\t\t\t<div class=\"elementor-element elementor-element-d0c63a1 elementor-widget elementor-widget-video\" data-id=\"d0c63a1\" data-element_type=\"widget\" data-e-type=\"widget\" data-settings=\"{&quot;youtube_url&quot;:&quot;https:\\\/\\\/youtu.be\\\/rzV1I-19l8s?si=wrrjxgfwdtMX2avm&amp;t=12&quot;,&quot;start&quot;:12,&quot;show_image_overlay&quot;:&quot;yes&quot;,&quot;image_overlay&quot;:{&quot;url&quot;:&quot;http:\\\/\\\/epidemicstudio.com\\\/pl\\\/wp-content\\\/uploads\\\/sites\\\/6\\\/2025\\\/02\\\/FILM-ZE-STOCKOW.jpg&quot;,&quot;id&quot;:574,&quot;size&quot;:&quot;&quot;,&quot;alt&quot;:&quot;&quot;,&quot;source&quot;:&quot;library&quot;},&quot;video_type&quot;:&quot;youtube&quot;,&quot;controls&quot;:&quot;yes&quot;}\" data-widget_type=\"video.default\">\n\t\t\t\t<div class=\"elementor-widget-container\">\n\t\t\t\t\t\t\t<div class=\"elementor-wrapper elementor-open-inline\">\n\t\t\t<div class=\"elementor-video\"><\/div>\t\t\t\t<div class=\"elementor-custom-embed-image-overlay\" style=\"background-image: url(https:\/\/epidemicstudio.com\/fr\/wp-content\/uploads\/sites\/9\/2025\/02\/FILM-ZE-STOCKOW.jpg);\">\n\t\t\t\t\t\t\t\t\t\t\t\t\t\t\t\t<div class=\"elementor-custom-embed-play\" role=\"button\" aria-label=\"Play Video\" tabindex=\"0\">\n\t\t\t\t\t\t\t<svg aria-hidden=\"true\" class=\"e-font-icon-svg e-eicon-play\" viewBox=\"0 0 1000 1000\" xmlns=\"http:\/\/www.w3.org\/2000\/svg\"><path d=\"M838 162C746 71 633 25 500 25 371 25 258 71 163 162 71 254 25 367 25 500 25 633 71 746 163 837 254 929 367 979 500 979 633 979 746 933 838 837 929 746 975 633 975 500 975 367 929 254 838 162M808 192C892 279 933 379 933 500 933 621 892 725 808 808 725 892 621 938 500 938 379 938 279 896 196 808 113 725 67 621 67 500 67 379 108 279 196 192 279 108 383 62 500 62 621 62 721 108 808 192M438 392V642L642 517 438 392Z\"><\/path><\/svg>\t\t\t\t\t\t<\/div>\n\t\t\t\t\t\t\t\t\t<\/div>\n\t\t\t\t\t<\/div>\n\t\t\t\t\t\t<\/div>\n\t\t\t\t<\/div>\n\t\t\t\t<\/div>\n\t\t\t\t\t<\/div>\n\t\t\t\t<\/div>\n\t\t\t\t<\/div>\n\t\t","protected":false},"excerpt":{"rendered":"<p>Vos vid\u00e9os, mont\u00e9es professionnellement ! EPIDEMIC STUDIO Montage vid\u00e9o YouTube Vous vous concentrez sur la cr\u00e9ation de contenu \u2013 nous nous occupons du montage !Que vous soyez vlogger, formateur ou podcasteur, nous transformons vos rushes bruts en vid\u00e9os soign\u00e9es et captivantes qui retiennent l\u2019attention de votre audience. Contactez-nous d\u00e8s aujourd\u2019hui ! Vlogs Montage fluide pour [&hellip;]<\/p>\n","protected":false},"author":1,"featured_media":0,"parent":0,"menu_order":0,"comment_status":"closed","ping_status":"closed","template":"","meta":{"footnotes":""},"class_list":["post-551","page","type-page","status-publish","hentry"],"_links":{"self":[{"href":"https:\/\/epidemicstudio.com\/fr\/wp-json\/wp\/v2\/pages\/551","targetHints":{"allow":["GET"]}}],"collection":[{"href":"https:\/\/epidemicstudio.com\/fr\/wp-json\/wp\/v2\/pages"}],"about":[{"href":"https:\/\/epidemicstudio.com\/fr\/wp-json\/wp\/v2\/types\/page"}],"author":[{"embeddable":true,"href":"https:\/\/epidemicstudio.com\/fr\/wp-json\/wp\/v2\/users\/1"}],"replies":[{"embeddable":true,"href":"https:\/\/epidemicstudio.com\/fr\/wp-json\/wp\/v2\/comments?post=551"}],"version-history":[{"count":36,"href":"https:\/\/epidemicstudio.com\/fr\/wp-json\/wp\/v2\/pages\/551\/revisions"}],"predecessor-version":[{"id":1054,"href":"https:\/\/epidemicstudio.com\/fr\/wp-json\/wp\/v2\/pages\/551\/revisions\/1054"}],"wp:attachment":[{"href":"https:\/\/epidemicstudio.com\/fr\/wp-json\/wp\/v2\/media?parent=551"}],"curies":[{"name":"wp","href":"https:\/\/api.w.org\/{rel}","templated":true}]}}