{"id":520,"date":"2025-02-22T10:53:06","date_gmt":"2025-02-22T09:53:06","guid":{"rendered":"https:\/\/epidemicstudio.com\/pl\/?page_id=520"},"modified":"2025-02-22T10:54:01","modified_gmt":"2025-02-22T09:54:01","slug":"regulamin-sklepu","status":"publish","type":"page","link":"https:\/\/epidemicstudio.com\/pl\/regulamin-sklepu\/","title":{"rendered":"Regulamin Sklepu"},"content":{"rendered":"\t\t<div data-elementor-type=\"wp-page\" data-elementor-id=\"520\" class=\"elementor elementor-520\">\n\t\t\t\t<div class=\"elementor-element elementor-element-9024e44 e-flex e-con-boxed e-con e-parent\" data-id=\"9024e44\" data-element_type=\"container\" data-e-type=\"container\">\n\t\t\t\t\t<div class=\"e-con-inner\">\n\t\t\t\t<div class=\"elementor-element elementor-element-01fcea4 elementor-widget elementor-widget-text-editor\" data-id=\"01fcea4\" data-element_type=\"widget\" data-e-type=\"widget\" data-widget_type=\"text-editor.default\">\n\t\t\t\t<div class=\"elementor-widget-container\">\n\t\t\t\t\t\t\t\t\t<p data-start=\"129\" data-end=\"165\"><strong data-start=\"129\" data-end=\"165\">Regulamin Sklepu Epidemic Studio<\/strong><\/p><p data-start=\"167\" data-end=\"415\">Niniejszy regulamin (dalej \u201eRegulamin\u201d) okre\u015bla zasady korzystania ze sklepu internetowego Epidemic Studio (dalej \u201eSklep\u201d) oraz warunki zawierania um\u00f3w na \u015bwiadczenie us\u0142ug. Korzystaj\u0105c z naszego Sklepu, u\u017cytkownik wyra\u017ca zgod\u0119 na poni\u017csze warunki.<\/p><p data-start=\"417\" data-end=\"441\"><strong data-start=\"417\" data-end=\"441\">1. Informacje og\u00f3lne<\/strong><\/p><p data-start=\"443\" data-end=\"504\">1.1. Sklep internetowy Epidemic Studio prowadzony jest przez:<\/p><p data-start=\"506\" data-end=\"645\">Epidemic Studio<br data-start=\"521\" data-end=\"524\" \/>Adrian Jezierski<br data-start=\"540\" data-end=\"543\" \/>ul. Na Wzg\u00f3rzu 7, 32-500 Chrzan\u00f3w<br data-start=\"576\" data-end=\"579\" \/>NIP: 6281986710, REGON: 525918349<br data-start=\"612\" data-end=\"615\" \/>Email: <a rel=\"noopener\" data-start=\"622\" data-end=\"645\">info@epidemicstudio.com<\/a><\/p><p data-start=\"647\" data-end=\"747\">1.2. Sklep \u015bwiadczy us\u0142ugi monta\u017cu wideo oraz transkrypcji w formie elektronicznej (dalej \u201eUs\u0142ugi\u201d).<\/p><p data-start=\"749\" data-end=\"762\"><strong data-start=\"749\" data-end=\"762\">2. Us\u0142ugi<\/strong><\/p><p data-start=\"764\" data-end=\"887\">2.1. Sklep oferuje us\u0142ugi monta\u017cu wideo i transkrypcji. Szczeg\u00f3\u0142owy opis us\u0142ug znajduje si\u0119 na stronie internetowej Sklepu.<\/p><p data-start=\"889\" data-end=\"967\">2.2. Realizacja zam\u00f3wienia odbywa si\u0119 po dokonaniu pe\u0142nej p\u0142atno\u015bci za us\u0142ug\u0119.<\/p><p data-start=\"969\" data-end=\"996\"><strong data-start=\"969\" data-end=\"996\">3. Sk\u0142adanie zam\u00f3wienia<\/strong><\/p><p data-start=\"998\" data-end=\"1096\">3.1. Zam\u00f3wienia sk\u0142adane s\u0105 za po\u015brednictwem formularza dost\u0119pnego na stronie internetowej Sklepu.<\/p><p data-start=\"1098\" data-end=\"1292\">3.2. W zam\u00f3wieniu u\u017cytkownik zobowi\u0105zany jest poda\u0107 niezb\u0119dne dane osobowe, takie jak imi\u0119 i nazwisko, adres e-mail, numer telefonu, adres do faktury oraz dane niezb\u0119dne do realizacji p\u0142atno\u015bci.<\/p><p data-start=\"1294\" data-end=\"1373\">3.3. Z\u0142o\u017cenie zam\u00f3wienia jest r\u00f3wnoznaczne z akceptacj\u0105 niniejszego Regulaminu.<\/p><p data-start=\"260\" data-end=\"283\"><strong data-start=\"260\" data-end=\"283\">4. Ceny i p\u0142atno\u015bci<\/strong><\/p><p data-start=\"285\" data-end=\"371\">4.1. Wszystkie ceny podane na stronie internetowej Sklepu s\u0105 cenami netto (bez VAT).<\/p><p data-start=\"373\" data-end=\"523\">4.2. Us\u0142ugi \u015bwiadczone przez Sklep s\u0105 przeznaczone g\u0142\u00f3wnie dla firm. Ceny netto obowi\u0105zuj\u0105 wy\u0142\u0105cznie w przypadku zakupu us\u0142ug przez przedsi\u0119biorc\u00f3w.<\/p><p data-start=\"525\" data-end=\"705\">4.3. Ceny mog\u0105 by\u0107 r\u00f3\u017cne w zale\u017cno\u015bci od rodzaju zam\u00f3wionej us\u0142ugi, a finalna kwota p\u0142atno\u015bci b\u0119dzie uwzgl\u0119dnia\u0107 ewentualne koszty dodatkowe, takie jak podatek VAT, je\u017celi dotyczy.<\/p><p data-start=\"1558\" data-end=\"1586\"><strong data-start=\"1558\" data-end=\"1586\">5. Realizacja zam\u00f3wienia<\/strong><\/p><p data-start=\"1588\" data-end=\"1691\">5.1. Realizacja zam\u00f3wienia odbywa si\u0119 po otrzymaniu p\u0142atno\u015bci i ustaleniu szczeg\u00f3\u0142\u00f3w us\u0142ugi z klientem.<\/p><p data-start=\"1693\" data-end=\"1809\">5.2. Czas realizacji us\u0142ugi uzale\u017cniony jest od jej rodzaju i b\u0119dzie okre\u015blony indywidualnie dla ka\u017cdego zam\u00f3wienia.<\/p><p data-start=\"464\" data-end=\"497\"><strong data-start=\"464\" data-end=\"497\">6. Prawo odst\u0105pienia od umowy<\/strong><\/p><p data-start=\"499\" data-end=\"694\">6.1. Zgodnie z przepisami prawa, klient b\u0119d\u0105cy konsumentem ma prawo do odst\u0105pienia od umowy w ci\u0105gu 14 dni kalendarzowych od zawarcia umowy, pod warunkiem, \u017ce us\u0142uga nie zosta\u0142a jeszcze wykonana.<\/p><p data-start=\"696\" data-end=\"826\">6.2. W przypadku rozpocz\u0119cia realizacji us\u0142ugi przed up\u0142ywem 14 dni od zawarcia umowy, klient traci prawo do odst\u0105pienia od umowy.<\/p><p data-start=\"828\" data-end=\"984\">6.3. Prawo do odst\u0105pienia od umowy nie przys\u0142uguje klientom b\u0119d\u0105cym przedsi\u0119biorcami, kt\u00f3rzy zawieraj\u0105 umow\u0119 w ramach prowadzonej dzia\u0142alno\u015bci gospodarczej.<\/p><p data-start=\"2156\" data-end=\"2173\"><strong data-start=\"2156\" data-end=\"2173\">7. Reklamacje<\/strong><\/p><p data-start=\"2175\" data-end=\"2315\">7.1. W przypadku reklamacji dotycz\u0105cej \u015bwiadczonych us\u0142ug, klient powinien skontaktowa\u0107 si\u0119 z nami na adres e-mail: <a rel=\"noopener\" data-start=\"2291\" data-end=\"2314\">info@epidemicstudio.com<\/a>.<\/p><p data-start=\"2317\" data-end=\"2396\">7.2. Reklamacja powinna zawiera\u0107 szczeg\u00f3\u0142y dotycz\u0105ce us\u0142ugi oraz opis problemu.<\/p><p data-start=\"2398\" data-end=\"2486\">7.3. Reklamacje b\u0119d\u0105 rozpatrywane w terminie do 14 dni roboczych od daty ich otrzymania.<\/p><p data-start=\"2488\" data-end=\"2519\"><strong data-start=\"2488\" data-end=\"2519\">8. Ochrona danych osobowych<\/strong><\/p><p data-start=\"2521\" data-end=\"2619\">8.1. Przetwarzanie danych osobowych u\u017cytkownik\u00f3w odbywa si\u0119 zgodnie z Polityk\u0105 Prywatno\u015bci Sklepu.<\/p><p data-start=\"2621\" data-end=\"2722\">8.2. Dane osobowe s\u0105 przetwarzane w celu realizacji zam\u00f3wie\u0144, obs\u0142ugi klienta oraz wykonywania umowy.<\/p><p data-start=\"2724\" data-end=\"2747\"><strong data-start=\"2724\" data-end=\"2747\">9. Odpowiedzialno\u015b\u0107<\/strong><\/p><p data-start=\"2749\" data-end=\"2902\">9.1. Sklep nie ponosi odpowiedzialno\u015bci za b\u0142\u0119dy wynikaj\u0105ce z dostarczenia przez klienta niepe\u0142nych lub b\u0142\u0119dnych danych niezb\u0119dnych do realizacji us\u0142ugi.<\/p><p data-start=\"2904\" data-end=\"3000\">9.2. Sklep nie ponosi odpowiedzialno\u015bci za szkody wynik\u0142e z nieprawid\u0142owego korzystania z us\u0142ug.<\/p><p data-start=\"3002\" data-end=\"3031\"><strong data-start=\"3002\" data-end=\"3031\">10. Postanowienia ko\u0144cowe<\/strong><\/p><p data-start=\"3033\" data-end=\"3190\">10.1. Sklep zastrzega sobie prawo do zmiany niniejszego Regulaminu w dowolnym czasie. Zmiany b\u0119d\u0105 obowi\u0105zywa\u0107 od momentu ich opublikowania na stronie Sklepu.<\/p><p data-start=\"3192\" data-end=\"3313\">10.2. Wszelkie spory wynik\u0142e w zwi\u0105zku z korzystaniem ze Sklepu b\u0119d\u0105 rozstrzygane przez s\u0105d w\u0142a\u015bciwy dla siedziby sklepu.<\/p><p data-start=\"3315\" data-end=\"3330\"><strong data-start=\"3315\" data-end=\"3330\">11. Kontakt<\/strong><\/p><p data-start=\"3332\" data-end=\"3426\">W przypadku pyta\u0144 dotycz\u0105cych regulaminu, prosimy o kontakt na adres: <a rel=\"noopener\" data-start=\"3402\" data-end=\"3425\">info@epidemicstudio.com<\/a>.<\/p>\t\t\t\t\t\t\t\t<\/div>\n\t\t\t\t<\/div>\n\t\t\t\t\t<\/div>\n\t\t\t\t<\/div>\n\t\t\t\t<\/div>\n\t\t","protected":false},"excerpt":{"rendered":"<p>Regulamin Sklepu Epidemic Studio Niniejszy regulamin (dalej \u201eRegulamin\u201d) okre\u015bla zasady korzystania ze sklepu internetowego Epidemic Studio (dalej \u201eSklep\u201d) oraz warunki zawierania um\u00f3w na \u015bwiadczenie us\u0142ug. Korzystaj\u0105c z naszego Sklepu, u\u017cytkownik wyra\u017ca zgod\u0119 na poni\u017csze warunki. 1. Informacje og\u00f3lne 1.1. Sklep internetowy Epidemic Studio prowadzony jest przez: Epidemic StudioAdrian Jezierskiul. Na Wzg\u00f3rzu 7, 32-500 Chrzan\u00f3wNIP: 6281986710, [&hellip;]<\/p>\n","protected":false},"author":1,"featured_media":0,"parent":0,"menu_order":0,"comment_status":"closed","ping_status":"closed","template":"","meta":{"footnotes":""},"class_list":["post-520","page","type-page","status-publish","hentry"],"yoast_head":"<!-- This site is optimized with the Yoast SEO plugin v27.5 - https:\/\/yoast.com\/product\/yoast-seo-wordpress\/ -->\n<title>Regulamin Sklepu - Epidemic Studio: Edycja i monta\u017c wideo<\/title>\n<meta name=\"robots\" content=\"index, follow, max-snippet:-1, max-image-preview:large, max-video-preview:-1\" \/>\n<link rel=\"canonical\" href=\"https:\/\/epidemicstudio.com\/pl\/regulamin-sklepu\/\" \/>\n<meta property=\"og:locale\" content=\"pl_PL\" \/>\n<meta property=\"og:type\" content=\"article\" \/>\n<meta property=\"og:title\" content=\"Regulamin Sklepu - Epidemic Studio: Edycja i monta\u017c wideo\" \/>\n<meta property=\"og:description\" content=\"Regulamin Sklepu Epidemic Studio Niniejszy regulamin (dalej \u201eRegulamin\u201d) okre\u015bla zasady korzystania ze sklepu internetowego Epidemic Studio (dalej \u201eSklep\u201d) oraz warunki zawierania um\u00f3w na \u015bwiadczenie us\u0142ug. Korzystaj\u0105c z naszego Sklepu, u\u017cytkownik wyra\u017ca zgod\u0119 na poni\u017csze warunki. 1. Informacje og\u00f3lne 1.1. Sklep internetowy Epidemic Studio prowadzony jest przez: Epidemic StudioAdrian Jezierskiul. Na Wzg\u00f3rzu 7, 32-500 Chrzan\u00f3wNIP: 6281986710, [&hellip;]\" \/>\n<meta property=\"og:url\" content=\"https:\/\/epidemicstudio.com\/pl\/regulamin-sklepu\/\" \/>\n<meta property=\"og:site_name\" content=\"Epidemic Studio: Edycja i monta\u017c wideo\" \/>\n<meta property=\"article:modified_time\" content=\"2025-02-22T09:54:01+00:00\" \/>\n<meta name=\"twitter:card\" content=\"summary_large_image\" \/>\n<meta name=\"twitter:label1\" content=\"Szacowany czas czytania\" \/>\n\t<meta name=\"twitter:data1\" content=\"3 minuty\" \/>\n<script type=\"application\/ld+json\" class=\"yoast-schema-graph\">{\"@context\":\"https:\\\/\\\/schema.org\",\"@graph\":[{\"@type\":\"WebPage\",\"@id\":\"https:\\\/\\\/epidemicstudio.com\\\/pl\\\/regulamin-sklepu\\\/\",\"url\":\"https:\\\/\\\/epidemicstudio.com\\\/pl\\\/regulamin-sklepu\\\/\",\"name\":\"Regulamin Sklepu - Epidemic Studio: Edycja i monta\u017c wideo\",\"isPartOf\":{\"@id\":\"https:\\\/\\\/epidemicstudio.com\\\/pl\\\/#website\"},\"datePublished\":\"2025-02-22T09:53:06+00:00\",\"dateModified\":\"2025-02-22T09:54:01+00:00\",\"breadcrumb\":{\"@id\":\"https:\\\/\\\/epidemicstudio.com\\\/pl\\\/regulamin-sklepu\\\/#breadcrumb\"},\"inLanguage\":\"pl-PL\",\"potentialAction\":[{\"@type\":\"ReadAction\",\"target\":[\"https:\\\/\\\/epidemicstudio.com\\\/pl\\\/regulamin-sklepu\\\/\"]}]},{\"@type\":\"BreadcrumbList\",\"@id\":\"https:\\\/\\\/epidemicstudio.com\\\/pl\\\/regulamin-sklepu\\\/#breadcrumb\",\"itemListElement\":[{\"@type\":\"ListItem\",\"position\":1,\"name\":\"Strona g\u0142\u00f3wna\",\"item\":\"https:\\\/\\\/epidemicstudio.com\\\/pl\\\/\"},{\"@type\":\"ListItem\",\"position\":2,\"name\":\"Regulamin Sklepu\"}]},{\"@type\":\"WebSite\",\"@id\":\"https:\\\/\\\/epidemicstudio.com\\\/pl\\\/#website\",\"url\":\"https:\\\/\\\/epidemicstudio.com\\\/pl\\\/\",\"name\":\"Epidemic Studio: Edycja i monta\u017c wideo\",\"description\":\"Epidemic Studio Edycja i monta\u017c wideo\",\"publisher\":{\"@id\":\"https:\\\/\\\/epidemicstudio.com\\\/pl\\\/#organization\"},\"potentialAction\":[{\"@type\":\"SearchAction\",\"target\":{\"@type\":\"EntryPoint\",\"urlTemplate\":\"https:\\\/\\\/epidemicstudio.com\\\/pl\\\/?s={search_term_string}\"},\"query-input\":{\"@type\":\"PropertyValueSpecification\",\"valueRequired\":true,\"valueName\":\"search_term_string\"}}],\"inLanguage\":\"pl-PL\"},{\"@type\":\"Organization\",\"@id\":\"https:\\\/\\\/epidemicstudio.com\\\/pl\\\/#organization\",\"name\":\"Epidemic Studio\",\"url\":\"https:\\\/\\\/epidemicstudio.com\\\/pl\\\/\",\"logo\":{\"@type\":\"ImageObject\",\"inLanguage\":\"pl-PL\",\"@id\":\"https:\\\/\\\/epidemicstudio.com\\\/pl\\\/#\\\/schema\\\/logo\\\/image\\\/\",\"url\":\"https:\\\/\\\/epidemicstudio.com\\\/pl\\\/wp-content\\\/uploads\\\/sites\\\/6\\\/2025\\\/02\\\/logo-test-removebg-preview-\u2014-kopia-e1739539992196.png\",\"contentUrl\":\"https:\\\/\\\/epidemicstudio.com\\\/pl\\\/wp-content\\\/uploads\\\/sites\\\/6\\\/2025\\\/02\\\/logo-test-removebg-preview-\u2014-kopia-e1739539992196.png\",\"width\":100,\"height\":60,\"caption\":\"Epidemic Studio\"},\"image\":{\"@id\":\"https:\\\/\\\/epidemicstudio.com\\\/pl\\\/#\\\/schema\\\/logo\\\/image\\\/\"}}]}<\/script>\n<!-- \/ Yoast SEO plugin. -->","yoast_head_json":{"title":"Regulamin Sklepu - Epidemic Studio: Edycja i monta\u017c wideo","robots":{"index":"index","follow":"follow","max-snippet":"max-snippet:-1","max-image-preview":"max-image-preview:large","max-video-preview":"max-video-preview:-1"},"canonical":"https:\/\/epidemicstudio.com\/pl\/regulamin-sklepu\/","og_locale":"pl_PL","og_type":"article","og_title":"Regulamin Sklepu - Epidemic Studio: Edycja i monta\u017c wideo","og_description":"Regulamin Sklepu Epidemic Studio Niniejszy regulamin (dalej \u201eRegulamin\u201d) okre\u015bla zasady korzystania ze sklepu internetowego Epidemic Studio (dalej \u201eSklep\u201d) oraz warunki zawierania um\u00f3w na \u015bwiadczenie us\u0142ug. Korzystaj\u0105c z naszego Sklepu, u\u017cytkownik wyra\u017ca zgod\u0119 na poni\u017csze warunki. 1. Informacje og\u00f3lne 1.1. Sklep internetowy Epidemic Studio prowadzony jest przez: Epidemic StudioAdrian Jezierskiul. Na Wzg\u00f3rzu 7, 32-500 Chrzan\u00f3wNIP: 6281986710, [&hellip;]","og_url":"https:\/\/epidemicstudio.com\/pl\/regulamin-sklepu\/","og_site_name":"Epidemic Studio: Edycja i monta\u017c wideo","article_modified_time":"2025-02-22T09:54:01+00:00","twitter_card":"summary_large_image","twitter_misc":{"Szacowany czas czytania":"3 minuty"},"schema":{"@context":"https:\/\/schema.org","@graph":[{"@type":"WebPage","@id":"https:\/\/epidemicstudio.com\/pl\/regulamin-sklepu\/","url":"https:\/\/epidemicstudio.com\/pl\/regulamin-sklepu\/","name":"Regulamin Sklepu - Epidemic Studio: Edycja i monta\u017c wideo","isPartOf":{"@id":"https:\/\/epidemicstudio.com\/pl\/#website"},"datePublished":"2025-02-22T09:53:06+00:00","dateModified":"2025-02-22T09:54:01+00:00","breadcrumb":{"@id":"https:\/\/epidemicstudio.com\/pl\/regulamin-sklepu\/#breadcrumb"},"inLanguage":"pl-PL","potentialAction":[{"@type":"ReadAction","target":["https:\/\/epidemicstudio.com\/pl\/regulamin-sklepu\/"]}]},{"@type":"BreadcrumbList","@id":"https:\/\/epidemicstudio.com\/pl\/regulamin-sklepu\/#breadcrumb","itemListElement":[{"@type":"ListItem","position":1,"name":"Strona g\u0142\u00f3wna","item":"https:\/\/epidemicstudio.com\/pl\/"},{"@type":"ListItem","position":2,"name":"Regulamin Sklepu"}]},{"@type":"WebSite","@id":"https:\/\/epidemicstudio.com\/pl\/#website","url":"https:\/\/epidemicstudio.com\/pl\/","name":"Epidemic Studio: Edycja i monta\u017c wideo","description":"Epidemic Studio Edycja i monta\u017c wideo","publisher":{"@id":"https:\/\/epidemicstudio.com\/pl\/#organization"},"potentialAction":[{"@type":"SearchAction","target":{"@type":"EntryPoint","urlTemplate":"https:\/\/epidemicstudio.com\/pl\/?s={search_term_string}"},"query-input":{"@type":"PropertyValueSpecification","valueRequired":true,"valueName":"search_term_string"}}],"inLanguage":"pl-PL"},{"@type":"Organization","@id":"https:\/\/epidemicstudio.com\/pl\/#organization","name":"Epidemic Studio","url":"https:\/\/epidemicstudio.com\/pl\/","logo":{"@type":"ImageObject","inLanguage":"pl-PL","@id":"https:\/\/epidemicstudio.com\/pl\/#\/schema\/logo\/image\/","url":"https:\/\/epidemicstudio.com\/pl\/wp-content\/uploads\/sites\/6\/2025\/02\/logo-test-removebg-preview-\u2014-kopia-e1739539992196.png","contentUrl":"https:\/\/epidemicstudio.com\/pl\/wp-content\/uploads\/sites\/6\/2025\/02\/logo-test-removebg-preview-\u2014-kopia-e1739539992196.png","width":100,"height":60,"caption":"Epidemic Studio"},"image":{"@id":"https:\/\/epidemicstudio.com\/pl\/#\/schema\/logo\/image\/"}}]}},"_links":{"self":[{"href":"https:\/\/epidemicstudio.com\/pl\/wp-json\/wp\/v2\/pages\/520","targetHints":{"allow":["GET"]}}],"collection":[{"href":"https:\/\/epidemicstudio.com\/pl\/wp-json\/wp\/v2\/pages"}],"about":[{"href":"https:\/\/epidemicstudio.com\/pl\/wp-json\/wp\/v2\/types\/page"}],"author":[{"embeddable":true,"href":"https:\/\/epidemicstudio.com\/pl\/wp-json\/wp\/v2\/users\/1"}],"replies":[{"embeddable":true,"href":"https:\/\/epidemicstudio.com\/pl\/wp-json\/wp\/v2\/comments?post=520"}],"version-history":[{"count":4,"href":"https:\/\/epidemicstudio.com\/pl\/wp-json\/wp\/v2\/pages\/520\/revisions"}],"predecessor-version":[{"id":524,"href":"https:\/\/epidemicstudio.com\/pl\/wp-json\/wp\/v2\/pages\/520\/revisions\/524"}],"wp:attachment":[{"href":"https:\/\/epidemicstudio.com\/pl\/wp-json\/wp\/v2\/media?parent=520"}],"curies":[{"name":"wp","href":"https:\/\/api.w.org\/{rel}","templated":true}]}}