{"id":551,"date":"2025-02-26T10:16:54","date_gmt":"2025-02-26T09:16:54","guid":{"rendered":"https:\/\/epidemicstudio.com\/pl\/?page_id=551"},"modified":"2026-04-10T20:49:08","modified_gmt":"2026-04-10T18:49:08","slug":"montaz-filmow-na-youtube","status":"publish","type":"page","link":"https:\/\/epidemicstudio.com\/pl\/montaz-filmow-na-youtube\/","title":{"rendered":"Monta\u017c film\u00f3w na youtube"},"content":{"rendered":"\t\t<div data-elementor-type=\"wp-page\" data-elementor-id=\"551\" class=\"elementor elementor-551\">\n\t\t\t\t<div class=\"elementor-element elementor-element-a26670a e-flex e-con-boxed e-con e-parent\" data-id=\"a26670a\" data-element_type=\"container\" data-e-type=\"container\" data-settings=\"{&quot;background_background&quot;:&quot;video&quot;,&quot;background_video_link&quot;:&quot;https:\\\/\\\/youtu.be\\\/MIfzRT2bNeU?si=-sfAwvAFTdyrdtM3&amp;t=19&quot;,&quot;background_video_start&quot;:20,&quot;background_video_end&quot;:87,&quot;background_play_on_mobile&quot;:&quot;yes&quot;}\">\n\t\t\t\t\t<div class=\"e-con-inner\">\n\t\t<div class=\"elementor-background-video-container\">\n\t\t\t\t\t\t\t<div class=\"elementor-background-video-embed\" role=\"presentation\"><\/div>\n\t\t\t\t\t\t<\/div>\t\t<div class=\"elementor-element elementor-element-d0709ff elementor-widget elementor-widget-heading\" data-id=\"d0709ff\" data-element_type=\"widget\" data-e-type=\"widget\" data-widget_type=\"heading.default\">\n\t\t\t\t<div class=\"elementor-widget-container\">\n\t\t\t\t\t<h2 class=\"elementor-heading-title elementor-size-default\">Twoje filmy na YouTube w profesjonalnej ods\u0142onie!<\/h2>\t\t\t\t<\/div>\n\t\t\t\t<\/div>\n\t\t\t\t\t<\/div>\n\t\t\t\t<\/div>\n\t\t\t\t<section class=\"elementor-section elementor-top-section elementor-element elementor-element-14582e8 elementor-section-boxed elementor-section-height-default elementor-section-height-default\" data-id=\"14582e8\" data-element_type=\"section\" data-e-type=\"section\">\n\t\t\t\t\t\t<div class=\"elementor-container elementor-column-gap-default\">\n\t\t\t\t\t<div class=\"elementor-column elementor-col-100 elementor-top-column elementor-element elementor-element-249321da\" data-id=\"249321da\" data-element_type=\"column\" data-e-type=\"column\">\n\t\t\t<div class=\"elementor-widget-wrap elementor-element-populated\">\n\t\t\t\t\t\t<section class=\"elementor-section elementor-inner-section elementor-element elementor-element-b02ac1e elementor-section-boxed elementor-section-height-default elementor-section-height-default\" data-id=\"b02ac1e\" data-element_type=\"section\" data-e-type=\"section\">\n\t\t\t\t\t\t<div class=\"elementor-container elementor-column-gap-default\">\n\t\t\t\t\t<div class=\"elementor-column elementor-col-50 elementor-inner-column elementor-element elementor-element-44c794a7\" data-id=\"44c794a7\" data-element_type=\"column\" data-e-type=\"column\">\n\t\t\t<div class=\"elementor-widget-wrap elementor-element-populated\">\n\t\t\t\t\t\t<div class=\"elementor-element elementor-element-d71dbc2 elementor-widget elementor-widget-image\" data-id=\"d71dbc2\" data-element_type=\"widget\" data-e-type=\"widget\" data-widget_type=\"image.default\">\n\t\t\t\t<div class=\"elementor-widget-container\">\n\t\t\t\t\t\t\t\t\t\t\t\t\t\t\t<img fetchpriority=\"high\" decoding=\"async\" width=\"1080\" height=\"730\" src=\"http:\/\/epidemicstudio.com\/pl\/wp-content\/uploads\/sites\/6\/2025\/02\/film-camera-crew-consulting-newly-taken-footage.jpg\" class=\"attachment-full size-full wp-image-348\" alt=\"\" srcset=\"http:\/\/epidemicstudio.com\/pl\/wp-content\/uploads\/sites\/6\/2025\/02\/film-camera-crew-consulting-newly-taken-footage.jpg 1080w, http:\/\/epidemicstudio.com\/pl\/wp-content\/uploads\/sites\/6\/2025\/02\/film-camera-crew-consulting-newly-taken-footage-300x203.jpg 300w, http:\/\/epidemicstudio.com\/pl\/wp-content\/uploads\/sites\/6\/2025\/02\/film-camera-crew-consulting-newly-taken-footage-1024x692.jpg 1024w, http:\/\/epidemicstudio.com\/pl\/wp-content\/uploads\/sites\/6\/2025\/02\/film-camera-crew-consulting-newly-taken-footage-768x519.jpg 768w, http:\/\/epidemicstudio.com\/pl\/wp-content\/uploads\/sites\/6\/2025\/02\/film-camera-crew-consulting-newly-taken-footage-600x406.jpg 600w\" sizes=\"(max-width: 1080px) 100vw, 1080px\" \/>\t\t\t\t\t\t\t\t\t\t\t\t\t\t\t<\/div>\n\t\t\t\t<\/div>\n\t\t\t\t\t<\/div>\n\t\t<\/div>\n\t\t\t\t<div class=\"elementor-column elementor-col-50 elementor-inner-column elementor-element elementor-element-a21c5fb\" data-id=\"a21c5fb\" data-element_type=\"column\" data-e-type=\"column\">\n\t\t\t<div class=\"elementor-widget-wrap elementor-element-populated\">\n\t\t\t\t\t\t<div class=\"elementor-element elementor-element-20ecb52c elementor-widget elementor-widget-heading\" data-id=\"20ecb52c\" data-element_type=\"widget\" data-e-type=\"widget\" data-widget_type=\"heading.default\">\n\t\t\t\t<div class=\"elementor-widget-container\">\n\t\t\t\t\t<h2 class=\"elementor-heading-title elementor-size-default\">EPIDEMIC STUDIO<\/h2>\t\t\t\t<\/div>\n\t\t\t\t<\/div>\n\t\t\t\t<div class=\"elementor-element elementor-element-25a3f421 elementor-invisible elementor-widget elementor-widget-heading\" data-id=\"25a3f421\" data-element_type=\"widget\" data-e-type=\"widget\" data-settings=\"{&quot;_animation&quot;:&quot;fadeInDown&quot;}\" data-widget_type=\"heading.default\">\n\t\t\t\t<div class=\"elementor-widget-container\">\n\t\t\t\t\t<h2 class=\"elementor-heading-title elementor-size-default\">Ty filmujesz, my montujemy<\/h2>\t\t\t\t<\/div>\n\t\t\t\t<\/div>\n\t\t\t\t<div class=\"elementor-element elementor-element-7ec3c9a8 elementor-widget elementor-widget-text-editor\" data-id=\"7ec3c9a8\" data-element_type=\"widget\" data-e-type=\"widget\" data-widget_type=\"text-editor.default\">\n\t\t\t\t<div class=\"elementor-widget-container\">\n\t\t\t\t\t\t\t\t\t<p>Zle\u0107 monta\u017c wideo i skup si\u0119 na tworzeniu tre\u015bci \u2013 reszt\u0119 zostaw nam!<\/p>\t\t\t\t\t\t\t\t<\/div>\n\t\t\t\t<\/div>\n\t\t\t\t<div class=\"elementor-element elementor-element-589b017 elementor-widget elementor-widget-button\" data-id=\"589b017\" data-element_type=\"widget\" data-e-type=\"widget\" data-widget_type=\"button.default\">\n\t\t\t\t<div class=\"elementor-widget-container\">\n\t\t\t\t\t\t\t\t\t<div class=\"elementor-button-wrapper\">\n\t\t\t\t\t<a class=\"elementor-button elementor-button-link elementor-size-sm\" href=\"https:\/\/epidemicstudio.com\/pl\/kontakt\/\">\n\t\t\t\t\t\t<span class=\"elementor-button-content-wrapper\">\n\t\t\t\t\t\t\t\t\t<span class=\"elementor-button-text\">SKONTAKTUJ SI\u0118 Z NAMI<\/span>\n\t\t\t\t\t<\/span>\n\t\t\t\t\t<\/a>\n\t\t\t\t<\/div>\n\t\t\t\t\t\t\t\t<\/div>\n\t\t\t\t<\/div>\n\t\t\t\t\t<\/div>\n\t\t<\/div>\n\t\t\t\t\t<\/div>\n\t\t<\/section>\n\t\t\t\t<section class=\"elementor-section elementor-inner-section elementor-element elementor-element-3a3e68d5 elementor-section-boxed elementor-section-height-default elementor-section-height-default\" data-id=\"3a3e68d5\" data-element_type=\"section\" data-e-type=\"section\">\n\t\t\t\t\t\t<div class=\"elementor-container elementor-column-gap-default\">\n\t\t\t\t\t<div class=\"elementor-column elementor-col-33 elementor-inner-column elementor-element elementor-element-98d13c elementor-invisible\" data-id=\"98d13c\" data-element_type=\"column\" data-e-type=\"column\" data-settings=\"{&quot;animation&quot;:&quot;slideInLeft&quot;}\">\n\t\t\t<div class=\"elementor-widget-wrap elementor-element-populated\">\n\t\t\t\t\t\t<div class=\"elementor-element elementor-element-54004bb7 elementor-widget elementor-widget-heading\" data-id=\"54004bb7\" data-element_type=\"widget\" data-e-type=\"widget\" data-widget_type=\"heading.default\">\n\t\t\t\t<div class=\"elementor-widget-container\">\n\t\t\t\t\t<h2 class=\"elementor-heading-title elementor-size-default\">VLOGI<\/h2>\t\t\t\t<\/div>\n\t\t\t\t<\/div>\n\t\t\t\t<div class=\"elementor-element elementor-element-7fbb7bee elementor-widget elementor-widget-text-editor\" data-id=\"7fbb7bee\" data-element_type=\"widget\" data-e-type=\"widget\" data-widget_type=\"text-editor.default\">\n\t\t\t\t<div class=\"elementor-widget-container\">\n\t\t\t\t\t\t\t\t\t<p>Monta\u017c vlog\u00f3w codziennych, z podr\u00f3\u017cy<\/p>\t\t\t\t\t\t\t\t<\/div>\n\t\t\t\t<\/div>\n\t\t\t\t\t<\/div>\n\t\t<\/div>\n\t\t\t\t<div class=\"elementor-column elementor-col-33 elementor-inner-column elementor-element elementor-element-620af97e elementor-invisible\" data-id=\"620af97e\" data-element_type=\"column\" data-e-type=\"column\" data-settings=\"{&quot;animation&quot;:&quot;slideInUp&quot;}\">\n\t\t\t<div class=\"elementor-widget-wrap elementor-element-populated\">\n\t\t\t\t\t\t<div class=\"elementor-element elementor-element-659720ff elementor-widget elementor-widget-heading\" data-id=\"659720ff\" data-element_type=\"widget\" data-e-type=\"widget\" data-widget_type=\"heading.default\">\n\t\t\t\t<div class=\"elementor-widget-container\">\n\t\t\t\t\t<h2 class=\"elementor-heading-title elementor-size-default\"><a href=\"https:\/\/epidemicstudio.com\/pl\/montaz-kursow\/\">KURSY I TUTORIALE<\/a><\/h2>\t\t\t\t<\/div>\n\t\t\t\t<\/div>\n\t\t\t\t<div class=\"elementor-element elementor-element-164635b7 elementor-widget elementor-widget-text-editor\" data-id=\"164635b7\" data-element_type=\"widget\" data-e-type=\"widget\" data-widget_type=\"text-editor.default\">\n\t\t\t\t<div class=\"elementor-widget-container\">\n\t\t\t\t\t\t\t\t\t<p>Kursy oraz e-learningi. Tutoriale, filmy instruktarzowe<\/p>\t\t\t\t\t\t\t\t<\/div>\n\t\t\t\t<\/div>\n\t\t\t\t\t<\/div>\n\t\t<\/div>\n\t\t\t\t<div class=\"elementor-column elementor-col-33 elementor-inner-column elementor-element elementor-element-111d4eb1 elementor-invisible\" data-id=\"111d4eb1\" data-element_type=\"column\" data-e-type=\"column\" data-settings=\"{&quot;animation&quot;:&quot;slideInRight&quot;}\">\n\t\t\t<div class=\"elementor-widget-wrap elementor-element-populated\">\n\t\t\t\t\t\t<div class=\"elementor-element elementor-element-2e343d48 elementor-widget elementor-widget-heading\" data-id=\"2e343d48\" data-element_type=\"widget\" data-e-type=\"widget\" data-widget_type=\"heading.default\">\n\t\t\t\t<div class=\"elementor-widget-container\">\n\t\t\t\t\t<h2 class=\"elementor-heading-title elementor-size-default\"><a href=\"https:\/\/epidemicstudio.com\/pl\/produkcja-podcastow-audio-wideo\/\">PODCASTY<\/a><\/h2>\t\t\t\t<\/div>\n\t\t\t\t<\/div>\n\t\t\t\t<div class=\"elementor-element elementor-element-66a16138 elementor-widget elementor-widget-text-editor\" data-id=\"66a16138\" data-element_type=\"widget\" data-e-type=\"widget\" data-widget_type=\"text-editor.default\">\n\t\t\t\t<div class=\"elementor-widget-container\">\n\t\t\t\t\t\t\t\t\t<p>Edycja podcast\u00f3w na youtube. Edycja wideo oraz audio<\/p>\t\t\t\t\t\t\t\t<\/div>\n\t\t\t\t<\/div>\n\t\t\t\t\t<\/div>\n\t\t<\/div>\n\t\t\t\t\t<\/div>\n\t\t<\/section>\n\t\t\t\t\t<\/div>\n\t\t<\/div>\n\t\t\t\t\t<\/div>\n\t\t<\/section>\n\t\t<div class=\"elementor-element elementor-element-b443c03 e-flex e-con-boxed e-con e-parent\" data-id=\"b443c03\" data-element_type=\"container\" data-e-type=\"container\">\n\t\t\t\t\t<div class=\"e-con-inner\">\n\t\t<div class=\"elementor-element elementor-element-3d6fb3b e-con-full e-flex e-con e-child\" data-id=\"3d6fb3b\" data-element_type=\"container\" data-e-type=\"container\">\n\t\t\t\t<div class=\"elementor-element elementor-element-f602bbf elementor-widget elementor-widget-text-editor\" data-id=\"f602bbf\" data-element_type=\"widget\" data-e-type=\"widget\" data-widget_type=\"text-editor.default\">\n\t\t\t\t<div class=\"elementor-widget-container\">\n\t\t\t\t\t\t\t\t\t<p>Pami\u0119taj, \u017ce jako\u015b\u0107 finalnego wideo zale\u017cy nie tylko od monta\u017cu, ale te\u017c od jako\u015bci dostarczonego materia\u0142u!<\/p>\t\t\t\t\t\t\t\t<\/div>\n\t\t\t\t<\/div>\n\t\t\t\t<\/div>\n\t\t\t\t\t<\/div>\n\t\t\t\t<\/div>\n\t\t<div class=\"elementor-element elementor-element-7d5fe5f e-grid e-con-boxed e-con e-parent\" data-id=\"7d5fe5f\" data-element_type=\"container\" data-e-type=\"container\">\n\t\t\t\t\t<div class=\"e-con-inner\">\n\t\t<div class=\"elementor-element elementor-element-84ee036 e-con-full e-flex e-con e-child\" data-id=\"84ee036\" data-element_type=\"container\" data-e-type=\"container\">\n\t\t\t\t<div class=\"elementor-element elementor-element-f7808da elementor-widget elementor-widget-heading\" data-id=\"f7808da\" data-element_type=\"widget\" data-e-type=\"widget\" data-widget_type=\"heading.default\">\n\t\t\t\t<div class=\"elementor-widget-container\">\n\t\t\t\t\t<h2 class=\"elementor-heading-title elementor-size-default\">FILMY ZE STOCK\u00d3W<\/h2>\t\t\t\t<\/div>\n\t\t\t\t<\/div>\n\t\t\t\t<div class=\"elementor-element elementor-element-a0d3f43 elementor-widget elementor-widget-text-editor\" data-id=\"a0d3f43\" data-element_type=\"widget\" data-e-type=\"widget\" data-widget_type=\"text-editor.default\">\n\t\t\t\t<div class=\"elementor-widget-container\">\n\t\t\t\t\t\t\t\t\t<p>Realizujemy r\u00f3wnie\u017c filmy z licencjonowanych uj\u0119\u0107 stockowych. To \u015bwietny pomys\u0142 je\u017celi nie chcesz si\u0119 pokazywa\u0107 na youtube.<\/p>\t\t\t\t\t\t\t\t<\/div>\n\t\t\t\t<\/div>\n\t\t\t\t<div class=\"elementor-element elementor-element-d0c63a1 elementor-widget elementor-widget-video\" data-id=\"d0c63a1\" data-element_type=\"widget\" data-e-type=\"widget\" data-settings=\"{&quot;youtube_url&quot;:&quot;https:\\\/\\\/youtu.be\\\/rzV1I-19l8s?si=wrrjxgfwdtMX2avm&amp;t=12&quot;,&quot;start&quot;:12,&quot;show_image_overlay&quot;:&quot;yes&quot;,&quot;image_overlay&quot;:{&quot;url&quot;:&quot;http:\\\/\\\/epidemicstudio.com\\\/pl\\\/wp-content\\\/uploads\\\/sites\\\/6\\\/2025\\\/02\\\/FILM-ZE-STOCKOW.jpg&quot;,&quot;id&quot;:574,&quot;size&quot;:&quot;&quot;,&quot;alt&quot;:&quot;&quot;,&quot;source&quot;:&quot;library&quot;},&quot;video_type&quot;:&quot;youtube&quot;,&quot;controls&quot;:&quot;yes&quot;}\" data-widget_type=\"video.default\">\n\t\t\t\t<div class=\"elementor-widget-container\">\n\t\t\t\t\t\t\t<div class=\"elementor-wrapper elementor-open-inline\">\n\t\t\t<div class=\"elementor-video\"><\/div>\t\t\t\t<div class=\"elementor-custom-embed-image-overlay\" style=\"background-image: url(http:\/\/epidemicstudio.com\/pl\/wp-content\/uploads\/sites\/6\/2025\/02\/FILM-ZE-STOCKOW.jpg);\">\n\t\t\t\t\t\t\t\t\t\t\t\t\t\t\t\t<div class=\"elementor-custom-embed-play\" role=\"button\" aria-label=\"Odtw\u00f3rz film\" tabindex=\"0\">\n\t\t\t\t\t\t\t<svg aria-hidden=\"true\" class=\"e-font-icon-svg e-eicon-play\" viewBox=\"0 0 1000 1000\" xmlns=\"http:\/\/www.w3.org\/2000\/svg\"><path d=\"M838 162C746 71 633 25 500 25 371 25 258 71 163 162 71 254 25 367 25 500 25 633 71 746 163 837 254 929 367 979 500 979 633 979 746 933 838 837 929 746 975 633 975 500 975 367 929 254 838 162M808 192C892 279 933 379 933 500 933 621 892 725 808 808 725 892 621 938 500 938 379 938 279 896 196 808 113 725 67 621 67 500 67 379 108 279 196 192 279 108 383 62 500 62 621 62 721 108 808 192M438 392V642L642 517 438 392Z\"><\/path><\/svg>\t\t\t\t\t\t<\/div>\n\t\t\t\t\t\t\t\t\t<\/div>\n\t\t\t\t\t<\/div>\n\t\t\t\t\t\t<\/div>\n\t\t\t\t<\/div>\n\t\t\t\t<\/div>\n\t\t<div class=\"elementor-element elementor-element-c4c4ca6 e-con-full e-flex e-con e-child\" data-id=\"c4c4ca6\" data-element_type=\"container\" data-e-type=\"container\">\n\t\t\t\t<\/div>\n\t\t\t\t\t<\/div>\n\t\t\t\t<\/div>\n\t\t\t\t<\/div>\n\t\t","protected":false},"excerpt":{"rendered":"<p>Twoje filmy na YouTube w profesjonalnej ods\u0142onie! EPIDEMIC STUDIO Ty filmujesz, my montujemy Zle\u0107 monta\u017c wideo i skup si\u0119 na tworzeniu tre\u015bci \u2013 reszt\u0119 zostaw nam! SKONTAKTUJ SI\u0118 Z NAMI VLOGI Monta\u017c vlog\u00f3w codziennych, z podr\u00f3\u017cy KURSY I TUTORIALE Kursy oraz e-learningi. Tutoriale, filmy instruktarzowe PODCASTY Edycja podcast\u00f3w na youtube. Edycja wideo oraz audio Pami\u0119taj, [&hellip;]<\/p>\n","protected":false},"author":1,"featured_media":0,"parent":0,"menu_order":0,"comment_status":"closed","ping_status":"closed","template":"","meta":{"footnotes":""},"class_list":["post-551","page","type-page","status-publish","hentry"],"yoast_head":"<!-- This site is optimized with the Yoast SEO plugin v27.5 - https:\/\/yoast.com\/product\/yoast-seo-wordpress\/ -->\n<title>Monta\u017c film\u00f3w na youtube - Epidemic Studio: Edycja i monta\u017c wideo<\/title>\n<meta name=\"robots\" content=\"index, follow, max-snippet:-1, max-image-preview:large, max-video-preview:-1\" \/>\n<link rel=\"canonical\" href=\"http:\/\/epidemicstudio.com\/pl\/montaz-filmow-na-youtube\/\" \/>\n<meta property=\"og:locale\" content=\"pl_PL\" \/>\n<meta property=\"og:type\" content=\"article\" \/>\n<meta property=\"og:title\" content=\"Monta\u017c film\u00f3w na youtube - Epidemic Studio: Edycja i monta\u017c wideo\" \/>\n<meta property=\"og:description\" content=\"Twoje filmy na YouTube w profesjonalnej ods\u0142onie! EPIDEMIC STUDIO Ty filmujesz, my montujemy Zle\u0107 monta\u017c wideo i skup si\u0119 na tworzeniu tre\u015bci \u2013 reszt\u0119 zostaw nam! SKONTAKTUJ SI\u0118 Z NAMI VLOGI Monta\u017c vlog\u00f3w codziennych, z podr\u00f3\u017cy KURSY I TUTORIALE Kursy oraz e-learningi. Tutoriale, filmy instruktarzowe PODCASTY Edycja podcast\u00f3w na youtube. Edycja wideo oraz audio Pami\u0119taj, [&hellip;]\" \/>\n<meta property=\"og:url\" content=\"http:\/\/epidemicstudio.com\/pl\/montaz-filmow-na-youtube\/\" \/>\n<meta property=\"og:site_name\" content=\"Epidemic Studio: Edycja i monta\u017c wideo\" \/>\n<meta property=\"article:modified_time\" content=\"2026-04-10T18:49:08+00:00\" \/>\n<meta property=\"og:image\" content=\"http:\/\/epidemicstudio.com\/pl\/wp-content\/uploads\/sites\/6\/2025\/02\/film-camera-crew-consulting-newly-taken-footage.jpg\" \/>\n<meta name=\"twitter:card\" content=\"summary_large_image\" \/>\n<meta name=\"twitter:label1\" content=\"Szacowany czas czytania\" \/>\n\t<meta name=\"twitter:data1\" content=\"1 minuta\" \/>\n<script type=\"application\/ld+json\" class=\"yoast-schema-graph\">{\"@context\":\"https:\\\/\\\/schema.org\",\"@graph\":[{\"@type\":\"WebPage\",\"@id\":\"http:\\\/\\\/epidemicstudio.com\\\/pl\\\/montaz-filmow-na-youtube\\\/\",\"url\":\"http:\\\/\\\/epidemicstudio.com\\\/pl\\\/montaz-filmow-na-youtube\\\/\",\"name\":\"Monta\u017c film\u00f3w na youtube - Epidemic Studio: Edycja i monta\u017c wideo\",\"isPartOf\":{\"@id\":\"https:\\\/\\\/epidemicstudio.com\\\/pl\\\/#website\"},\"primaryImageOfPage\":{\"@id\":\"http:\\\/\\\/epidemicstudio.com\\\/pl\\\/montaz-filmow-na-youtube\\\/#primaryimage\"},\"image\":{\"@id\":\"http:\\\/\\\/epidemicstudio.com\\\/pl\\\/montaz-filmow-na-youtube\\\/#primaryimage\"},\"thumbnailUrl\":\"http:\\\/\\\/epidemicstudio.com\\\/pl\\\/wp-content\\\/uploads\\\/sites\\\/6\\\/2025\\\/02\\\/film-camera-crew-consulting-newly-taken-footage.jpg\",\"datePublished\":\"2025-02-26T09:16:54+00:00\",\"dateModified\":\"2026-04-10T18:49:08+00:00\",\"breadcrumb\":{\"@id\":\"http:\\\/\\\/epidemicstudio.com\\\/pl\\\/montaz-filmow-na-youtube\\\/#breadcrumb\"},\"inLanguage\":\"pl-PL\",\"potentialAction\":[{\"@type\":\"ReadAction\",\"target\":[\"http:\\\/\\\/epidemicstudio.com\\\/pl\\\/montaz-filmow-na-youtube\\\/\"]}]},{\"@type\":\"ImageObject\",\"inLanguage\":\"pl-PL\",\"@id\":\"http:\\\/\\\/epidemicstudio.com\\\/pl\\\/montaz-filmow-na-youtube\\\/#primaryimage\",\"url\":\"https:\\\/\\\/epidemicstudio.com\\\/pl\\\/wp-content\\\/uploads\\\/sites\\\/6\\\/2025\\\/02\\\/film-camera-crew-consulting-newly-taken-footage.jpg\",\"contentUrl\":\"https:\\\/\\\/epidemicstudio.com\\\/pl\\\/wp-content\\\/uploads\\\/sites\\\/6\\\/2025\\\/02\\\/film-camera-crew-consulting-newly-taken-footage.jpg\",\"width\":1080,\"height\":730},{\"@type\":\"BreadcrumbList\",\"@id\":\"http:\\\/\\\/epidemicstudio.com\\\/pl\\\/montaz-filmow-na-youtube\\\/#breadcrumb\",\"itemListElement\":[{\"@type\":\"ListItem\",\"position\":1,\"name\":\"Strona g\u0142\u00f3wna\",\"item\":\"https:\\\/\\\/epidemicstudio.com\\\/pl\\\/\"},{\"@type\":\"ListItem\",\"position\":2,\"name\":\"Monta\u017c film\u00f3w na youtube\"}]},{\"@type\":\"WebSite\",\"@id\":\"https:\\\/\\\/epidemicstudio.com\\\/pl\\\/#website\",\"url\":\"https:\\\/\\\/epidemicstudio.com\\\/pl\\\/\",\"name\":\"Epidemic Studio: Edycja i monta\u017c wideo\",\"description\":\"Epidemic Studio Edycja i monta\u017c wideo\",\"publisher\":{\"@id\":\"https:\\\/\\\/epidemicstudio.com\\\/pl\\\/#organization\"},\"potentialAction\":[{\"@type\":\"SearchAction\",\"target\":{\"@type\":\"EntryPoint\",\"urlTemplate\":\"https:\\\/\\\/epidemicstudio.com\\\/pl\\\/?s={search_term_string}\"},\"query-input\":{\"@type\":\"PropertyValueSpecification\",\"valueRequired\":true,\"valueName\":\"search_term_string\"}}],\"inLanguage\":\"pl-PL\"},{\"@type\":\"Organization\",\"@id\":\"https:\\\/\\\/epidemicstudio.com\\\/pl\\\/#organization\",\"name\":\"Epidemic Studio\",\"url\":\"https:\\\/\\\/epidemicstudio.com\\\/pl\\\/\",\"logo\":{\"@type\":\"ImageObject\",\"inLanguage\":\"pl-PL\",\"@id\":\"https:\\\/\\\/epidemicstudio.com\\\/pl\\\/#\\\/schema\\\/logo\\\/image\\\/\",\"url\":\"https:\\\/\\\/epidemicstudio.com\\\/pl\\\/wp-content\\\/uploads\\\/sites\\\/6\\\/2025\\\/02\\\/logo-test-removebg-preview-\u2014-kopia-e1739539992196.png\",\"contentUrl\":\"https:\\\/\\\/epidemicstudio.com\\\/pl\\\/wp-content\\\/uploads\\\/sites\\\/6\\\/2025\\\/02\\\/logo-test-removebg-preview-\u2014-kopia-e1739539992196.png\",\"width\":100,\"height\":60,\"caption\":\"Epidemic Studio\"},\"image\":{\"@id\":\"https:\\\/\\\/epidemicstudio.com\\\/pl\\\/#\\\/schema\\\/logo\\\/image\\\/\"}}]}<\/script>\n<!-- \/ Yoast SEO plugin. -->","yoast_head_json":{"title":"Monta\u017c film\u00f3w na youtube - Epidemic Studio: Edycja i monta\u017c wideo","robots":{"index":"index","follow":"follow","max-snippet":"max-snippet:-1","max-image-preview":"max-image-preview:large","max-video-preview":"max-video-preview:-1"},"canonical":"http:\/\/epidemicstudio.com\/pl\/montaz-filmow-na-youtube\/","og_locale":"pl_PL","og_type":"article","og_title":"Monta\u017c film\u00f3w na youtube - Epidemic Studio: Edycja i monta\u017c wideo","og_description":"Twoje filmy na YouTube w profesjonalnej ods\u0142onie! EPIDEMIC STUDIO Ty filmujesz, my montujemy Zle\u0107 monta\u017c wideo i skup si\u0119 na tworzeniu tre\u015bci \u2013 reszt\u0119 zostaw nam! SKONTAKTUJ SI\u0118 Z NAMI VLOGI Monta\u017c vlog\u00f3w codziennych, z podr\u00f3\u017cy KURSY I TUTORIALE Kursy oraz e-learningi. Tutoriale, filmy instruktarzowe PODCASTY Edycja podcast\u00f3w na youtube. Edycja wideo oraz audio Pami\u0119taj, [&hellip;]","og_url":"http:\/\/epidemicstudio.com\/pl\/montaz-filmow-na-youtube\/","og_site_name":"Epidemic Studio: Edycja i monta\u017c wideo","article_modified_time":"2026-04-10T18:49:08+00:00","og_image":[{"url":"http:\/\/epidemicstudio.com\/pl\/wp-content\/uploads\/sites\/6\/2025\/02\/film-camera-crew-consulting-newly-taken-footage.jpg","type":"","width":"","height":""}],"twitter_card":"summary_large_image","twitter_misc":{"Szacowany czas czytania":"1 minuta"},"schema":{"@context":"https:\/\/schema.org","@graph":[{"@type":"WebPage","@id":"http:\/\/epidemicstudio.com\/pl\/montaz-filmow-na-youtube\/","url":"http:\/\/epidemicstudio.com\/pl\/montaz-filmow-na-youtube\/","name":"Monta\u017c film\u00f3w na youtube - Epidemic Studio: Edycja i monta\u017c wideo","isPartOf":{"@id":"https:\/\/epidemicstudio.com\/pl\/#website"},"primaryImageOfPage":{"@id":"http:\/\/epidemicstudio.com\/pl\/montaz-filmow-na-youtube\/#primaryimage"},"image":{"@id":"http:\/\/epidemicstudio.com\/pl\/montaz-filmow-na-youtube\/#primaryimage"},"thumbnailUrl":"http:\/\/epidemicstudio.com\/pl\/wp-content\/uploads\/sites\/6\/2025\/02\/film-camera-crew-consulting-newly-taken-footage.jpg","datePublished":"2025-02-26T09:16:54+00:00","dateModified":"2026-04-10T18:49:08+00:00","breadcrumb":{"@id":"http:\/\/epidemicstudio.com\/pl\/montaz-filmow-na-youtube\/#breadcrumb"},"inLanguage":"pl-PL","potentialAction":[{"@type":"ReadAction","target":["http:\/\/epidemicstudio.com\/pl\/montaz-filmow-na-youtube\/"]}]},{"@type":"ImageObject","inLanguage":"pl-PL","@id":"http:\/\/epidemicstudio.com\/pl\/montaz-filmow-na-youtube\/#primaryimage","url":"https:\/\/epidemicstudio.com\/pl\/wp-content\/uploads\/sites\/6\/2025\/02\/film-camera-crew-consulting-newly-taken-footage.jpg","contentUrl":"https:\/\/epidemicstudio.com\/pl\/wp-content\/uploads\/sites\/6\/2025\/02\/film-camera-crew-consulting-newly-taken-footage.jpg","width":1080,"height":730},{"@type":"BreadcrumbList","@id":"http:\/\/epidemicstudio.com\/pl\/montaz-filmow-na-youtube\/#breadcrumb","itemListElement":[{"@type":"ListItem","position":1,"name":"Strona g\u0142\u00f3wna","item":"https:\/\/epidemicstudio.com\/pl\/"},{"@type":"ListItem","position":2,"name":"Monta\u017c film\u00f3w na youtube"}]},{"@type":"WebSite","@id":"https:\/\/epidemicstudio.com\/pl\/#website","url":"https:\/\/epidemicstudio.com\/pl\/","name":"Epidemic Studio: Edycja i monta\u017c wideo","description":"Epidemic Studio Edycja i monta\u017c wideo","publisher":{"@id":"https:\/\/epidemicstudio.com\/pl\/#organization"},"potentialAction":[{"@type":"SearchAction","target":{"@type":"EntryPoint","urlTemplate":"https:\/\/epidemicstudio.com\/pl\/?s={search_term_string}"},"query-input":{"@type":"PropertyValueSpecification","valueRequired":true,"valueName":"search_term_string"}}],"inLanguage":"pl-PL"},{"@type":"Organization","@id":"https:\/\/epidemicstudio.com\/pl\/#organization","name":"Epidemic Studio","url":"https:\/\/epidemicstudio.com\/pl\/","logo":{"@type":"ImageObject","inLanguage":"pl-PL","@id":"https:\/\/epidemicstudio.com\/pl\/#\/schema\/logo\/image\/","url":"https:\/\/epidemicstudio.com\/pl\/wp-content\/uploads\/sites\/6\/2025\/02\/logo-test-removebg-preview-\u2014-kopia-e1739539992196.png","contentUrl":"https:\/\/epidemicstudio.com\/pl\/wp-content\/uploads\/sites\/6\/2025\/02\/logo-test-removebg-preview-\u2014-kopia-e1739539992196.png","width":100,"height":60,"caption":"Epidemic Studio"},"image":{"@id":"https:\/\/epidemicstudio.com\/pl\/#\/schema\/logo\/image\/"}}]}},"_links":{"self":[{"href":"https:\/\/epidemicstudio.com\/pl\/wp-json\/wp\/v2\/pages\/551","targetHints":{"allow":["GET"]}}],"collection":[{"href":"https:\/\/epidemicstudio.com\/pl\/wp-json\/wp\/v2\/pages"}],"about":[{"href":"https:\/\/epidemicstudio.com\/pl\/wp-json\/wp\/v2\/types\/page"}],"author":[{"embeddable":true,"href":"https:\/\/epidemicstudio.com\/pl\/wp-json\/wp\/v2\/users\/1"}],"replies":[{"embeddable":true,"href":"https:\/\/epidemicstudio.com\/pl\/wp-json\/wp\/v2\/comments?post=551"}],"version-history":[{"count":31,"href":"https:\/\/epidemicstudio.com\/pl\/wp-json\/wp\/v2\/pages\/551\/revisions"}],"predecessor-version":[{"id":1326,"href":"https:\/\/epidemicstudio.com\/pl\/wp-json\/wp\/v2\/pages\/551\/revisions\/1326"}],"wp:attachment":[{"href":"https:\/\/epidemicstudio.com\/pl\/wp-json\/wp\/v2\/media?parent=551"}],"curies":[{"name":"wp","href":"https:\/\/api.w.org\/{rel}","templated":true}]}}